{"id":713,"date":"2011-12-29T18:32:31","date_gmt":"2011-12-29T17:32:31","guid":{"rendered":"http:\/\/www.casagalega.com\/wp_cgh\/?page_id=713"},"modified":"2025-09-05T10:12:31","modified_gmt":"2025-09-05T09:12:31","slug":"percusion","status":"publish","type":"page","link":"https:\/\/www.casagalega.com\/wp_cgh\/actividades\/percusion\/","title":{"rendered":"Percusi\u00f3n"},"content":{"rendered":"<div align=\"left\">\n<h3>Clases de Percusi\u00f3n en Casa Galega<\/h3>\n<p>En <b>Casa Galega<\/b>, la percusi\u00f3n es el coraz\u00f3n de nuestra m\u00fasica, tanto en la banda como en los grupos de baile. Te ofrecemos la oportunidad de dominar este arte y formar parte de nuestra tradici\u00f3n.<\/p>\n<hr>\n<h3>Niveles para todos los percusionistas<\/h3>\n<p>Contamos con diferentes niveles de aprendizaje para que te desarrolles a tu propio ritmo:<\/p>\n<ul>\n<li><b>Clase de Iniciaci\u00f3n:<\/b> Aqu\u00ed, los alumnos aprenden los fundamentos de la percusi\u00f3n. Las pr\u00e1cticas se realizan con un \u00abpractice de goma\u00bb y baquetas Premier. Estas clases son impartidas por un miembro de la banda de percusi\u00f3n oficial de <b>Casa Galega de L&#8217;H<\/b>, la Banda A, lo que garantiza una formaci\u00f3n de alta calidad desde el primer d\u00eda.<\/li>\n<li><b>Clase de Perfeccionamiento:<\/b> Cuando alcances el nivel adecuado, pasar\u00e1s a esta clase. Aqu\u00ed no solo perfeccionar\u00e1s tu t\u00e9cnica, sino que tambi\u00e9n empezar\u00e1s a actuar con la <b>Banda Junior<\/b>. En este nivel, exploramos dos estilos de percusi\u00f3n:\n<ul>\n<li><b>Percusi\u00f3n \u00abpl\u00e1stica\u00bb:<\/b> Ideal para bandas de gaitas. Con instrumentos de media o alta tensi\u00f3n, aprender\u00e1s movimientos espectaculares y adornos que har\u00e1n tu interpretaci\u00f3n m\u00e1s vistosa.<\/li>\n<li><b>Percusi\u00f3n tradicional:<\/b> Utilizando cuero y madera, esta t\u00e9cnica se centra en acompa\u00f1ar a la gaita, cuartetos o grupos de baile. El sonido de las baquetas enriquece la melod\u00eda, aportando una riqueza musical muy valorada por todos los m\u00fasicos.<\/li>\n<\/ul>\n<\/li>\n<\/ul>\n<p>\u00a1An\u00edmate a encontrar tu ritmo y unirte a nuestra comunidad!<\/p>\n<p align=\"center\"><img loading=\"lazy\" decoding=\"async\" style=\"border-image: initial; margin: 3px; border: 0px initial initial;\" title=\"Clases de percusi\u00f3n\" src=\"http:\/\/www.casagalega.com\/images\/fotos\/cgh\/actividades\/percusion\/percusion\" alt=\"Casa Galega\" width=\"300\" height=\"200\" border=\"0\" hspace=\"3\" vspace=\"3\"> <img loading=\"lazy\" decoding=\"async\" style=\"border-image: initial; margin: 3px; border: 0px initial initial;\" title=\"Clases de percusi\u00f3n\" src=\"http:\/\/www.casagalega.com\/images\/fotos\/cgh\/actividades\/percusion\/percusion_2\" alt=\"Casa Galega\" width=\"300\" height=\"200\" border=\"0\" hspace=\"3\" vspace=\"3\"><img loading=\"lazy\" decoding=\"async\" style=\"border-image: initial; margin: 3px; border: 0px initial initial;\" title=\"Clases de percusi\u00f3n\" src=\"http:\/\/www.casagalega.com\/images\/fotos\/cgh\/actividades\/percusion\/percusion_3\" alt=\"Casa Galega\" width=\"300\" height=\"200\" border=\"0\" hspace=\"3\" vspace=\"3\"><\/p>\n<\/div>\n","protected":false},"excerpt":{"rendered":"<p>Clases de Percusi\u00f3n en Casa Galega En Casa Galega, la percusi\u00f3n es el coraz\u00f3n de nuestra m\u00fasica, tanto en la&hellip;<\/p>\n","protected":false},"author":1,"featured_media":0,"parent":482,"menu_order":7,"comment_status":"closed","ping_status":"open","template":"","meta":{"ngg_post_thumbnail":0,"footnotes":""},"class_list":["post-713","page","type-page","status-publish","hentry"],"_links":{"self":[{"href":"https:\/\/www.casagalega.com\/wp_cgh\/wp-json\/wp\/v2\/pages\/713","targetHints":{"allow":["GET"]}}],"collection":[{"href":"https:\/\/www.casagalega.com\/wp_cgh\/wp-json\/wp\/v2\/pages"}],"about":[{"href":"https:\/\/www.casagalega.com\/wp_cgh\/wp-json\/wp\/v2\/types\/page"}],"author":[{"embeddable":true,"href":"https:\/\/www.casagalega.com\/wp_cgh\/wp-json\/wp\/v2\/users\/1"}],"replies":[{"embeddable":true,"href":"https:\/\/www.casagalega.com\/wp_cgh\/wp-json\/wp\/v2\/comments?post=713"}],"version-history":[{"count":14,"href":"https:\/\/www.casagalega.com\/wp_cgh\/wp-json\/wp\/v2\/pages\/713\/revisions"}],"predecessor-version":[{"id":7712,"href":"https:\/\/www.casagalega.com\/wp_cgh\/wp-json\/wp\/v2\/pages\/713\/revisions\/7712"}],"up":[{"embeddable":true,"href":"https:\/\/www.casagalega.com\/wp_cgh\/wp-json\/wp\/v2\/pages\/482"}],"wp:attachment":[{"href":"https:\/\/www.casagalega.com\/wp_cgh\/wp-json\/wp\/v2\/media?parent=713"}],"curies":[{"name":"wp","href":"https:\/\/api.w.org\/{rel}","templated":true}]}}