{"id":707,"date":"2011-12-29T18:31:37","date_gmt":"2011-12-29T17:31:37","guid":{"rendered":"http:\/\/www.casagalega.com\/wp_cgh\/?page_id=707"},"modified":"2025-09-05T10:11:44","modified_gmt":"2025-09-05T09:11:44","slug":"iniciacion-infantil","status":"publish","type":"page","link":"https:\/\/www.casagalega.com\/wp_cgh\/actividades\/iniciacion-infantil\/","title":{"rendered":"Iniciaci\u00f3n Infantil"},"content":{"rendered":"<h3>Iniciaci\u00f3n: el primer paso en Casa Galega<\/h3>\n<p>En <b>Casa Galega<\/b>, sabemos que los m\u00e1s peque\u00f1os tienen una energ\u00eda especial. Por eso, hemos dise\u00f1ado un espacio y actividades que los introducen al mundo de la m\u00fasica y la danza de forma divertida y natural.<\/p>\n<h4><b>Iniciaci\u00f3n Infantil<\/b><\/h4>\n<p>Nuestra sala infantil es el lugar perfecto para que los ni\u00f1os, mientras sus padres est\u00e1n en otras actividades, se entretengan y aprendan. Con juegos y din\u00e1micas, les ense\u00f1amos los primeros conceptos del baile y el solfeo sin que se den cuenta. Es la base perfecta para que, m\u00e1s adelante, se unan a los grupos de iniciaci\u00f3n de baile.<\/p>\n<hr>\n<h3>Creciendo al ritmo del folclore<\/h3>\n<p>A medida que los alumnos se desarrollan, avanzan por nuestros diferentes niveles:<\/p>\n<ul>\n<li><b>Iniciaci\u00f3n al Baile:<\/b> Aqu\u00ed, los j\u00f3venes dan sus primeros pasos en la danza tradicional gallega. Aprenden los movimientos b\u00e1sicos, como los \u00abpicados\u00bb y \u00abcruzados\u00bb, con el objetivo de prepararlos para que, en el futuro, puedan representar a nuestra entidad.<\/li>\n<li><b>Iniciaci\u00f3n al Solfeo:<\/b> A trav\u00e9s de juegos, los ni\u00f1os descubren las notas musicales y los ritmos. Sin esfuerzo, son capaces de seguir una partitura y reconocer las notas de un pentagrama.<\/li>\n<li><b>Perfeccionamiento de Baile (Grupo de Peque\u00f1os):<\/b> Al llegar a este nivel, los alumnos se convierten en miembros del grupo de los Peque\u00f1os. Aqu\u00ed, su dedicaci\u00f3n se ve recompensada al aprender y bailar las coreograf\u00edas del grupo, y pueden demostrar su talento en las actuaciones que realizan.<\/li>\n<\/ul>\n<p>Despu\u00e9s de estos niveles, los alumnos contin\u00faan su formaci\u00f3n y pasan a los siguientes grupos \u2014<b>Medianos, Mayores<\/b> y, para los m\u00e1s experimentados, los <b>Veteranos de la Casa Galega<\/b>\u2014, siempre seg\u00fan su edad y su progreso.<\/p>\n<p align=\"center\"><img loading=\"lazy\" decoding=\"async\" style=\"border-image: initial; margin: 3px; border: 0px initial initial;\" title=\"Canto Bailo y Toco\" src=\"http:\/\/www.casagalega.com\/images\/fotos\/cgh\/actividades\/peques\/peques_01\" alt=\"Clases Casa Galega\" width=\"300\" height=\"200\" border=\"0\" hspace=\"3\" vspace=\"3\"><img loading=\"lazy\" decoding=\"async\" style=\"border-image: initial; margin: 3px; border: 0px initial initial;\" title=\"Canto Bailo y Toco\" src=\"http:\/\/www.casagalega.com\/images\/fotos\/cgh\/actividades\/peques\/toco_bailo5.jpg\" alt=\"Clases Casa Galega\" width=\"300\" height=\"200\" border=\"0\" hspace=\"3\" vspace=\"3\"><img loading=\"lazy\" decoding=\"async\" style=\"border-image: initial; margin: 3px; border: 0px initial initial;\" title=\"Canto Bailo y Toco\" src=\"http:\/\/www.casagalega.com\/images\/fotos\/cgh\/actividades\/peques\/peques_02\" alt=\"Clases Casa Galega\" width=\"300\" height=\"200\" border=\"0\" hspace=\"3\" vspace=\"3\"><\/p>\n<p align=\"center\"><img loading=\"lazy\" decoding=\"async\" style=\"border-image: initial; margin: 3px; border: 0px initial initial;\" title=\"Canto Bailo y Toco - Alumnos\" src=\"http:\/\/www.casagalega.com\/images\/fotos\/cgh\/actividades\/peques\/peques_03\" alt=\"Clases Casa Galega\" width=\"300\" height=\"200\" border=\"0\" hspace=\"3\" vspace=\"3\"><\/p>\n<p style=\"text-align: left;\" align=\"center\">Tanta actividad y ganas de hacer cosas, los m\u00e1s peque\u00f1os nos ayudan a felicitar las fiestas de 2012.<\/p>\n<p style=\"text-align: center;\"><iframe loading=\"lazy\" src=\"https:\/\/www.youtube.com\/embed\/QmLEf89iwCk\" width=\"560\" height=\"315\" frameborder=\"0\" allowfullscreen=\"allowfullscreen\"><\/iframe><\/p>\n","protected":false},"excerpt":{"rendered":"<p>Iniciaci\u00f3n: el primer paso en Casa Galega En Casa Galega, sabemos que los m\u00e1s peque\u00f1os tienen una energ\u00eda especial. Por&hellip;<\/p>\n","protected":false},"author":1,"featured_media":0,"parent":482,"menu_order":5,"comment_status":"closed","ping_status":"open","template":"","meta":{"ngg_post_thumbnail":0,"footnotes":""},"class_list":["post-707","page","type-page","status-publish","hentry"],"_links":{"self":[{"href":"https:\/\/www.casagalega.com\/wp_cgh\/wp-json\/wp\/v2\/pages\/707","targetHints":{"allow":["GET"]}}],"collection":[{"href":"https:\/\/www.casagalega.com\/wp_cgh\/wp-json\/wp\/v2\/pages"}],"about":[{"href":"https:\/\/www.casagalega.com\/wp_cgh\/wp-json\/wp\/v2\/types\/page"}],"author":[{"embeddable":true,"href":"https:\/\/www.casagalega.com\/wp_cgh\/wp-json\/wp\/v2\/users\/1"}],"replies":[{"embeddable":true,"href":"https:\/\/www.casagalega.com\/wp_cgh\/wp-json\/wp\/v2\/comments?post=707"}],"version-history":[{"count":14,"href":"https:\/\/www.casagalega.com\/wp_cgh\/wp-json\/wp\/v2\/pages\/707\/revisions"}],"predecessor-version":[{"id":7711,"href":"https:\/\/www.casagalega.com\/wp_cgh\/wp-json\/wp\/v2\/pages\/707\/revisions\/7711"}],"up":[{"embeddable":true,"href":"https:\/\/www.casagalega.com\/wp_cgh\/wp-json\/wp\/v2\/pages\/482"}],"wp:attachment":[{"href":"https:\/\/www.casagalega.com\/wp_cgh\/wp-json\/wp\/v2\/media?parent=707"}],"curies":[{"name":"wp","href":"https:\/\/api.w.org\/{rel}","templated":true}]}}