{"id":703,"date":"2011-12-29T18:31:04","date_gmt":"2011-12-29T17:31:04","guid":{"rendered":"http:\/\/www.casagalega.com\/wp_cgh\/?page_id=703"},"modified":"2025-09-05T09:44:03","modified_gmt":"2025-09-05T08:44:03","slug":"baile","status":"publish","type":"page","link":"https:\/\/www.casagalega.com\/wp_cgh\/actividades\/baile\/","title":{"rendered":"Baile"},"content":{"rendered":"<p>\u00bfTe apasiona el baile? En <b>Casa Galega<\/b>, te damos la bienvenida a nuestra familia. Ofrecemos <b>clases de baile para todas las edades y niveles<\/b>, desde los m\u00e1s peque\u00f1os hasta los adultos. No importa si acabas de empezar o si ya tienes experiencia, aqu\u00ed encontrar\u00e1s tu lugar para crecer y disfrutar.<\/p>\n<h3>Iniciaci\u00f3n: tus primeros pasos<\/h3>\n<p>Para quienes se inician en el baile, contamos con grupos adaptados, como <b>Iniciaci\u00f3n Infantil<\/b> y <b>Iniciaci\u00f3n para Padres<\/b>. En estas clases, aprender\u00e1s los fundamentos y ritmos b\u00e1sicos del folclore gallego, construyendo una base s\u00f3lida. Nuestros cursos se desarrollan de septiembre a julio, d\u00e1ndote tiempo suficiente para dominar los conocimientos esenciales.<\/p>\n<h3>Perfeccionamiento y competici\u00f3n<\/h3>\n<p>Si ya tienes un nivel avanzado, podr\u00e1s unirte a los grupos <b>Br\u00e9tema Mayores<\/b> y <b>Br\u00e9tema Medianos<\/b>, clasificados por edad. Ellos representan con orgullo a nuestra entidad en diversos concursos, demostrando el talento y la dedicaci\u00f3n de nuestros alumnos.<\/p>\n<p>Para mantener este alto nivel, organizamos <b>cursos intensivos<\/b> a lo largo del a\u00f1o. En estas sesiones de formaci\u00f3n, hemos tenido el privilegio de contar con maestros del folclore gallego de renombre como <b>Mart\u00edn Agrasar<\/b>, <b>Quique Pe\u00f3n<\/b>, <b>Xisco Feij\u00f3<\/b> y <b>Artur Puga<\/b>. Todos ellos, con su experiencia, han contribuido a enriquecer nuestro estilo \u00fanico, respetando siempre la esencia de <b>Casa Galega<\/b>.<\/p>\n<p>&nbsp;<\/p>\n<p align=\"center\">&nbsp;<img loading=\"lazy\" decoding=\"async\" style=\"border-image: initial; border: 0px initial initial;\" title=\"Ensayo Mayores - Chisco\" src=\"http:\/\/www.casagalega.com\/images\/fotos\/cgh\/actividades\/baile\/baile_02\" alt=\"Casa Galega\" width=\"300\" height=\"200\" border=\"0\">&nbsp;&nbsp;&nbsp;<img loading=\"lazy\" decoding=\"async\" style=\"border-image: initial; border: 0px initial initial;\" title=\"Ensayo Mayores - Chisco\" src=\"http:\/\/www.casagalega.com\/images\/fotos\/cgh\/actividades\/baile\/baile_03\" alt=\"Casa Galega\" width=\"300\" height=\"200\" border=\"0\">&nbsp;&nbsp;<img loading=\"lazy\" decoding=\"async\" style=\"border-image: initial; border: 0px initial initial;\" title=\"Ensayo Mayores - Quique\" src=\"http:\/\/www.casagalega.com\/images\/fotos\/cgh\/actividades\/baile\/baile_04\" alt=\"Casa Galega\" width=\"300\" height=\"200\" border=\"0\"><\/p>\n<p style=\"text-align: justify;\" align=\"justify\">Es posible ver el resultado de estas clases en la secci\u00f3n de concursos. <strong>Ponte en <a href=\"https:\/\/www.casagalega.com\/wp_cgh\/casa-galega\/contacto\/\">contacto<\/a> con nosotros<\/strong> y participa en nuestras clases.<\/p>\n","protected":false},"excerpt":{"rendered":"<p>\u00bfTe apasiona el baile? En Casa Galega, te damos la bienvenida a nuestra familia. Ofrecemos clases de baile para todas&hellip;<\/p>\n","protected":false},"author":1,"featured_media":0,"parent":482,"menu_order":1,"comment_status":"closed","ping_status":"open","template":"","meta":{"ngg_post_thumbnail":0,"footnotes":""},"class_list":["post-703","page","type-page","status-publish","hentry"],"_links":{"self":[{"href":"https:\/\/www.casagalega.com\/wp_cgh\/wp-json\/wp\/v2\/pages\/703","targetHints":{"allow":["GET"]}}],"collection":[{"href":"https:\/\/www.casagalega.com\/wp_cgh\/wp-json\/wp\/v2\/pages"}],"about":[{"href":"https:\/\/www.casagalega.com\/wp_cgh\/wp-json\/wp\/v2\/types\/page"}],"author":[{"embeddable":true,"href":"https:\/\/www.casagalega.com\/wp_cgh\/wp-json\/wp\/v2\/users\/1"}],"replies":[{"embeddable":true,"href":"https:\/\/www.casagalega.com\/wp_cgh\/wp-json\/wp\/v2\/comments?post=703"}],"version-history":[{"count":19,"href":"https:\/\/www.casagalega.com\/wp_cgh\/wp-json\/wp\/v2\/pages\/703\/revisions"}],"predecessor-version":[{"id":7708,"href":"https:\/\/www.casagalega.com\/wp_cgh\/wp-json\/wp\/v2\/pages\/703\/revisions\/7708"}],"up":[{"embeddable":true,"href":"https:\/\/www.casagalega.com\/wp_cgh\/wp-json\/wp\/v2\/pages\/482"}],"wp:attachment":[{"href":"https:\/\/www.casagalega.com\/wp_cgh\/wp-json\/wp\/v2\/media?parent=703"}],"curies":[{"name":"wp","href":"https:\/\/api.w.org\/{rel}","templated":true}]}}