{"id":6844,"date":"2024-01-16T09:52:20","date_gmt":"2024-01-16T08:52:20","guid":{"rendered":"https:\/\/www.casagalega.com\/wp_cgh\/?page_id=6844"},"modified":"2025-11-06T14:37:43","modified_gmt":"2025-11-06T13:37:43","slug":"xuntanza-europeade-viseu","status":"publish","type":"page","link":"https:\/\/www.casagalega.com\/wp_cgh\/xuntanza-europeade-viseu\/","title":{"rendered":"Xuntanza &#8211;  Europeade Viseu"},"content":{"rendered":"\n<p>En <strong>2018<\/strong>, Casa Galega, integrante de la formaci\u00f3n Xuntanza de Catalunya, particip\u00f3 en la Europeade organizada en Viseu, Portugal.<\/p>\n\n\n\n<p>La <a href=\"https:\/\/www.europeade.eu\/es\/home\" data-type=\"link\" data-id=\"https:\/\/www.europeade.eu\/es\/home\" target=\"_blank\" rel=\"noreferrer noopener\"> Europeade<\/a> es una celebraci\u00f3n de cinco d\u00edas de duraci\u00f3n, en la que intervienen m\u00e1s de 5,000 bailarines, m\u00fasicos y cantantes de toda Europa. Este evento, que se realiza anualmente, es una aut\u00e9ntica fiesta popular que promueve la amistad y la unidad europea, respetando la diversidad cultural de cada regi\u00f3n. La Europeade no es solo un encuentro, sino una oportunidad para fortalecer los lazos entre los pueblos europeos a trav\u00e9s de la m\u00fasica y la danza tradicional.<\/p>\n\n\n\n<p>La edici\u00f3n de 2018, celebrada del <strong>25 al 29 de julio, fue la 55\u00aa Europeade<\/strong> y cont\u00f3 con la participaci\u00f3n de 5,400 personas representando a 203 grupos de 24 pa\u00edses europeos.  La ceremonia de apertura del evento cont\u00f3 con la presencia del Ministro de Cultura de Portugal, Lu\u00eds Filipe de Castro Mendes.\u00a0<\/p>\n\n\n\n<p style=\"text-align: center;\"><iframe loading=\"lazy\" src=\"https:\/\/www.youtube.com\/embed\/OLVZ0JxlYYw\" width=\"560\" height=\"315\" frameborder=\"0\" allowfullscreen=\"allowfullscreen\"><\/iframe><\/p>\n\n\n\n<p><strong>Xuntanza de Catalunya en la Europeade \u2013 Viseu 2018<\/strong> realiz\u00f3 diversas actuaciones por la ciudad, destacando su participaci\u00f3n en la ceremonia inaugural en el escenario principal. Adem\u00e1s, los miembros de Xuntanza de Catalunya tuvieron la oportunidad de compartir su pasi\u00f3n por la m\u00fasica y la danza gallega con otros grupos europeos, contribuyendo al intercambio cultural y al enriquecimiento mutuo.<\/p>\n\n\n\nngg_shortcode_0_placeholder\n\n\n\n<p>El programa de actuaciones puede verse <a href=\"https:\/\/issuu.com\/www.europeade.eu\/docs\/55._europeade_2018_viseu__viseu__pt\" target=\"_blank\" rel=\"noreferrer noopener\">aqu\u00ed<\/a>.<\/p>\n","protected":false},"excerpt":{"rendered":"<p>En 2018, Casa Galega, integrante de la formaci\u00f3n Xuntanza de Catalunya, particip\u00f3 en la Europeade organizada en Viseu, Portugal. La&hellip;<\/p>\n","protected":false},"author":1,"featured_media":0,"parent":0,"menu_order":11,"comment_status":"closed","ping_status":"closed","template":"","meta":{"ngg_post_thumbnail":0,"footnotes":""},"class_list":["post-6844","page","type-page","status-publish","hentry"],"_links":{"self":[{"href":"https:\/\/www.casagalega.com\/wp_cgh\/wp-json\/wp\/v2\/pages\/6844","targetHints":{"allow":["GET"]}}],"collection":[{"href":"https:\/\/www.casagalega.com\/wp_cgh\/wp-json\/wp\/v2\/pages"}],"about":[{"href":"https:\/\/www.casagalega.com\/wp_cgh\/wp-json\/wp\/v2\/types\/page"}],"author":[{"embeddable":true,"href":"https:\/\/www.casagalega.com\/wp_cgh\/wp-json\/wp\/v2\/users\/1"}],"replies":[{"embeddable":true,"href":"https:\/\/www.casagalega.com\/wp_cgh\/wp-json\/wp\/v2\/comments?post=6844"}],"version-history":[{"count":16,"href":"https:\/\/www.casagalega.com\/wp_cgh\/wp-json\/wp\/v2\/pages\/6844\/revisions"}],"predecessor-version":[{"id":7646,"href":"https:\/\/www.casagalega.com\/wp_cgh\/wp-json\/wp\/v2\/pages\/6844\/revisions\/7646"}],"wp:attachment":[{"href":"https:\/\/www.casagalega.com\/wp_cgh\/wp-json\/wp\/v2\/media?parent=6844"}],"curies":[{"name":"wp","href":"https:\/\/api.w.org\/{rel}","templated":true}]}}