{"id":6628,"date":"2023-07-24T18:18:05","date_gmt":"2023-07-24T17:18:05","guid":{"rendered":"https:\/\/www.casagalega.com\/wp_cgh\/?page_id=6628"},"modified":"2023-07-24T18:19:31","modified_gmt":"2023-07-24T17:19:31","slug":"curso-2020","status":"publish","type":"page","link":"https:\/\/www.casagalega.com\/wp_cgh\/fotos\/curso-2020\/","title":{"rendered":"Curso 2020"},"content":{"rendered":"\n<p>Gracias a todos los fot\u00f3grafos colaboradores. Recordar que las fotos publicadas en esta web son de uso exclusivo de la web y que el uso de las mismas est\u00e1 supeditada a la autorizaci\u00f3n del autor.<\/p>\n\n\n\n<p>Detalle de las actividades de 2020, plena \u00e9poca Covid, pero a\u00fan se celebr\u00f3 un buen Entroido en condiciones de seguridad.<\/p>\n","protected":false},"excerpt":{"rendered":"<p>Gracias a todos los fot\u00f3grafos colaboradores. Recordar que las fotos publicadas en esta web son de uso exclusivo de la&hellip;<\/p>\n","protected":false},"author":1,"featured_media":0,"parent":223,"menu_order":1,"comment_status":"closed","ping_status":"closed","template":"","meta":{"ngg_post_thumbnail":0,"footnotes":""},"class_list":["post-6628","page","type-page","status-publish","hentry"],"_links":{"self":[{"href":"https:\/\/www.casagalega.com\/wp_cgh\/wp-json\/wp\/v2\/pages\/6628","targetHints":{"allow":["GET"]}}],"collection":[{"href":"https:\/\/www.casagalega.com\/wp_cgh\/wp-json\/wp\/v2\/pages"}],"about":[{"href":"https:\/\/www.casagalega.com\/wp_cgh\/wp-json\/wp\/v2\/types\/page"}],"author":[{"embeddable":true,"href":"https:\/\/www.casagalega.com\/wp_cgh\/wp-json\/wp\/v2\/users\/1"}],"replies":[{"embeddable":true,"href":"https:\/\/www.casagalega.com\/wp_cgh\/wp-json\/wp\/v2\/comments?post=6628"}],"version-history":[{"count":1,"href":"https:\/\/www.casagalega.com\/wp_cgh\/wp-json\/wp\/v2\/pages\/6628\/revisions"}],"predecessor-version":[{"id":6629,"href":"https:\/\/www.casagalega.com\/wp_cgh\/wp-json\/wp\/v2\/pages\/6628\/revisions\/6629"}],"up":[{"embeddable":true,"href":"https:\/\/www.casagalega.com\/wp_cgh\/wp-json\/wp\/v2\/pages\/223"}],"wp:attachment":[{"href":"https:\/\/www.casagalega.com\/wp_cgh\/wp-json\/wp\/v2\/media?parent=6628"}],"curies":[{"name":"wp","href":"https:\/\/api.w.org\/{rel}","templated":true}]}}