{"id":578,"date":"2011-12-23T18:26:30","date_gmt":"2011-12-23T17:26:30","guid":{"rendered":"http:\/\/www.casagalega.com\/wp_cgh\/?page_id=578"},"modified":"2025-11-13T16:39:08","modified_gmt":"2025-11-13T15:39:08","slug":"a-peregrina","status":"publish","type":"page","link":"https:\/\/www.casagalega.com\/wp_cgh\/san-iago\/a-peregrina\/","title":{"rendered":"A Peregrina"},"content":{"rendered":"<div class=\"wp-block-image\">\n<figure class=\"aligncenter\"><img decoding=\"async\" src=\"http:\/\/www.casagalega.com\/images\/fotos\/san_iago\/a_peregrina\/Logo_peregrina_v2.jpg\" alt=\"A Peregrina\"\/><\/figure>\n<\/div>\n\n\n<hr class=\"wp-block-separator has-alpha-channel-opacity\"\/>\n\n\n\n<p>En toda asociaci\u00f3n cultural, es fundamental contar con un anuario, una revista o una publicaci\u00f3n que recoja todas las actividades realizadas a lo largo del a\u00f1o.<\/p>\n\n\n\n<p>A pesar de las nuevas tecnolog\u00edas, internet, los buscadores y el mundo digital, es importante reservar un espacio para la edici\u00f3n en papel, donde se puedan transmitir todas estas actividades a los gallegos y no gallegos de nuestra ciudad.<br><br>Para ello, la Casa Galega publica <strong>A Peregrina<\/strong>, un anuario elaborado por los propios miembros de la entidad, lo que le confiere un car\u00e1cter m\u00e1s cercano al d\u00eda a d\u00eda de la Casa Galega.<br><br>En los siguientes enlaces, podr\u00e1s ver los diferentes anuarios que se han publicado, as\u00ed como su contenido. Podr\u00e1s observar la evoluci\u00f3n que ha experimentado esta publicaci\u00f3n a\u00f1o tras a\u00f1o. Agradecemos desde aqu\u00ed el trabajo realizado por todos los colaboradores (redactores, montadores, dise\u00f1adores, anunciantes, etc.) desde el primer a\u00f1o de la publicaci\u00f3n hasta el presente.<\/p>\n\n\n\n<p style=\"text-align:left\"><strong>2009<\/strong><\/p>\n<hr>\n\n\n\n<div class=\"wp-block-image\">\n<figure class=\"aligncenter is-resized\"><img loading=\"lazy\" decoding=\"async\" src=\"http:\/\/www.casagalega.com\/images\/fotos\/san_iago\/a_peregrina\/2009\/A%20Peregrina_2009.jpg\" alt=\"\" width=\"378\" height=\"529\"><\/figure>\n<\/div>\n<p>&nbsp;<\/p>\n\n\n\n<p class=\"has-text-align-center\">El 3,4 y 5 de Julio se celebra la Semana Cultural Galega y en ella presentamos nuestra nueva revista.   \n\n<a rel=\"noreferrer noopener\" href=\"http:\/\/www.casagalega.com\/images\/fotos\/san_iago\/a_peregrina\/2009\/A%20Peregrina_2009.pdf\" target=\"_blank\">Edici\u00f3n completa<\/a> <\/p>\n\n\n<p><strong>2007<\/strong><\/p>\n<hr \/>\n\n<div class=\"wp-block-image\">\n<figure class=\"aligncenter is-resized\"><img decoding=\"async\" src=\"http:\/\/www.casagalega.com\/images\/fotos\/san_iago\/a_peregrina\/2007\/APeregrina_2007.jpg\" alt=\"\" style=\"width:378px;height:529px\"\/><\/figure>\n<\/div>\n\n\n<p class=\"has-text-align-center\"> Un edici\u00f3n especial para el XX Aniversario de Casa Galega se reparti\u00f3 entre todos los asistentes a la Farga durante aquellas fechas (15 y 16 de diciembre).   <a rel=\"noreferrer noopener\" href=\"http:\/\/www.casagalega.com\/images\/fotos\/san_iago\/a_peregrina\/2007\/A_peregrina_2007.pdf\" target=\"_blank\">Edici\u00f3n completa<\/a> <\/p>\n\n\n<p><strong>2006<\/strong><\/p>\n<hr \/>\n\n\n<div class=\"wp-block-image\"><figure class=\"aligncenter is-resized\"><img loading=\"lazy\" decoding=\"async\" src=\"http:\/\/www.casagalega.com\/images\/fotos\/san_iago\/a_peregrina\/2006\/A%20Peregrina%202006.jpg\" alt=\"\" width=\"378\" height=\"529\"\/><\/figure><\/div>\n\n\n\n<p class=\"has-text-align-center\">Se celebr\u00f3 en el parque de la Alhambra durante los d\u00edas 31 Junio, 1 y 2 de Julio.  <a rel=\"noreferrer noopener\" href=\"http:\/\/www.casagalega.com\/images\/fotos\/san_iago\/a_peregrina\/2006\/A%20Peregrina%202006.pdf\" target=\"_blank\">Edici\u00f3n completa<\/a> <\/p>\n\n\n<p><strong>2005<\/strong><\/p>\n<hr \/>\n\n\n<div class=\"wp-block-image\"><figure class=\"aligncenter is-resized\"><img loading=\"lazy\" decoding=\"async\" src=\"http:\/\/www.casagalega.com\/images\/fotos\/san_iago\/a_peregrina\/2005\/A_Peregrina_2005.JPG\" alt=\"\" width=\"378\" height=\"529\"><\/figure><\/div>\n\n\n\n<p class=\"has-text-align-center\">Se celebr\u00f3 en el parque de la Alhambra durante los d\u00edas 1,2 y 3 de Julio.  <a rel=\"noreferrer noopener\" href=\"http:\/\/www.casagalega.com\/images\/fotos\/san_iago\/a_peregrina\/2005\/revista_2005_v2.pdf\" target=\"_blank\">Edici\u00f3n completa<\/a> <\/p>\n\n\n<p><strong>2004<\/strong><\/p>\n<hr \/>\n\n\n<div class=\"wp-block-image\">\n<figure class=\"aligncenter is-resized\"><img loading=\"lazy\" decoding=\"async\" class=\"aligncenter\" src=\"http:\/\/www.casagalega.com\/images\/fotos\/san_iago\/a_peregrina\/2004\/A_Peregrina_2004.JPG\" alt=\"\" width=\"378\" height=\"529\"><\/figure>\n<\/div>\n<p>&nbsp;<\/p>\n\n\n\n<p class=\"has-text-align-center\">Se celebr\u00f3 en el parque de la Alhambra durante los d\u00edas 2,3 y 4 de Julio.  <a rel=\"noreferrer noopener\" href=\"http:\/\/www.casagalega.com\/images\/fotos\/san_iago\/a_peregrina\/2004\/revista_2004_v2.pdf\" target=\"_blank\">Edici\u00f3n completa<\/a> <\/p>\n\n\n<p><strong>2003<\/strong><\/p>\n<hr \/>\n\n\n<div class=\"wp-block-image\"><figure class=\"aligncenter is-resized\"><img loading=\"lazy\" decoding=\"async\" src=\"http:\/\/www.casagalega.com\/images\/fotos\/san_iago\/a_peregrina\/2003\/2003%20-%20APeregrina.jpg\" alt=\"\" width=\"378\" height=\"529\"\/><\/figure><\/div>\n\n\n\n<p class=\"has-text-align-center\">Se celebr\u00f3 en el parque de la Alhambra durante los d\u00edas 4,5 y 6 de Julio.  <a rel=\"noreferrer noopener\" href=\"http:\/\/www.casagalega.com\/images\/fotos\/san_iago\/a_peregrina\/2003\/2003%20-%20A%20Peregrina.pdf\" target=\"_blank\">Edici\u00f3n completa<\/a> <\/p>\n\n\n<p><strong>2002<\/strong><\/p>\n<hr \/>\n\n\n<div class=\"wp-block-image\"><figure class=\"aligncenter is-resized\"><img loading=\"lazy\" decoding=\"async\" src=\"http:\/\/www.casagalega.com\/images\/fotos\/san_iago\/a_peregrina\/2002\/A%20Peregrina%202002.jpg\" alt=\"\" width=\"378\" height=\"529\"><\/figure><\/div>\n\n\n\n<p class=\"has-text-align-center\">Se celebr\u00f3 en el parque de la Alhambra durante los d\u00edas 4,5 y 6 de Julio.  <a rel=\"noreferrer noopener\" href=\"http:\/\/www.casagalega.com\/images\/fotos\/san_iago\/a_peregrina\/2003\/2003%20-%20A%20Peregrina.pdf\" target=\"_blank\">Edici\u00f3n completa<\/a> <\/p>\n\n\n<p><strong>2001<\/strong><\/p>\n<hr \/>\n\n\n<div class=\"wp-block-image\"><figure class=\"aligncenter is-resized\"><img loading=\"lazy\" decoding=\"async\" src=\"http:\/\/www.casagalega.com\/images\/fotos\/san_iago\/a_peregrina\/2001\/2001%20-%20A%20Peregrina.jpg\" alt=\"\" width=\"378\" height=\"529\"><\/figure><\/div>\n\n\n\n<p class=\"has-text-align-center\">Se celebr\u00f3 en el parque de la Alhambra durante los d\u00edas 29,30 y 1 de Julio.  <a rel=\"noreferrer noopener\" href=\"http:\/\/www.casagalega.com\/images\/fotos\/san_iago\/a_peregrina\/2001\/2001%20-%20A%20Peregrina.pdf\" target=\"_blank\">Edici\u00f3n completa<\/a> <\/p>\n\n\n\n<p><strong>2000<\/strong><\/p>\n<hr>\n\n\n\n<div class=\"wp-block-image\"><figure class=\"aligncenter is-resized\"><img loading=\"lazy\" decoding=\"async\" src=\"http:\/\/www.casagalega.com\/images\/fotos\/san_iago\/a_peregrina\/2000\/2000%20-%20A%20Peregrina.jpg\" alt=\"\" width=\"378\" height=\"529\"><\/figure><\/div>\n\n\n\n<p class=\"has-text-align-center\">Se celebr\u00f3 en el parque de la Alhambra durante los d\u00edas 31,1 y 2 de Julio.  <a rel=\"noreferrer noopener\" href=\"http:\/\/www.casagalega.com\/images\/fotos\/san_iago\/a_peregrina\/2000\/2000%20-%20A%20Peregrina.pdf\" target=\"_blank\">Edici\u00f3n completa<\/a> <\/p>\n\n\n<p><strong>1999<\/strong><\/p>\n<hr>\n\n<div class=\"wp-block-image\">\n<figure class=\"aligncenter is-resized\"><img decoding=\"async\" src=\"http:\/\/www.casagalega.com\/images\/fotos\/san_iago\/a_peregrina\/1999\/1999%20-%20A%20Peregrina.jpg\" alt=\"\" style=\"width:322px;height:456px\"\/><\/figure>\n<\/div>\n\n\n<p class=\"has-text-align-center\">\n\n Se celebr\u00f3 en el parque de la Alhambra durante los d\u00edas 2,3 y 4 de Julio.<br><a rel=\"noreferrer noopener\" href=\"http:\/\/www.casagalega.com\/images\/fotos\/san_iago\/a_peregrina\/1999\/1999%20-%20A%20Peregrina.pdf\" target=\"_blank\">Edici\u00f3n completa<\/a><\/p>\n","protected":false},"excerpt":{"rendered":"<p>En toda asociaci\u00f3n cultural, es fundamental contar con un anuario, una revista o una publicaci\u00f3n que recoja todas las actividades&hellip;<\/p>\n","protected":false},"author":1,"featured_media":0,"parent":125,"menu_order":22,"comment_status":"closed","ping_status":"closed","template":"","meta":{"ngg_post_thumbnail":0,"footnotes":""},"class_list":["post-578","page","type-page","status-publish","hentry"],"_links":{"self":[{"href":"https:\/\/www.casagalega.com\/wp_cgh\/wp-json\/wp\/v2\/pages\/578","targetHints":{"allow":["GET"]}}],"collection":[{"href":"https:\/\/www.casagalega.com\/wp_cgh\/wp-json\/wp\/v2\/pages"}],"about":[{"href":"https:\/\/www.casagalega.com\/wp_cgh\/wp-json\/wp\/v2\/types\/page"}],"author":[{"embeddable":true,"href":"https:\/\/www.casagalega.com\/wp_cgh\/wp-json\/wp\/v2\/users\/1"}],"replies":[{"embeddable":true,"href":"https:\/\/www.casagalega.com\/wp_cgh\/wp-json\/wp\/v2\/comments?post=578"}],"version-history":[{"count":52,"href":"https:\/\/www.casagalega.com\/wp_cgh\/wp-json\/wp\/v2\/pages\/578\/revisions"}],"predecessor-version":[{"id":7593,"href":"https:\/\/www.casagalega.com\/wp_cgh\/wp-json\/wp\/v2\/pages\/578\/revisions\/7593"}],"up":[{"embeddable":true,"href":"https:\/\/www.casagalega.com\/wp_cgh\/wp-json\/wp\/v2\/pages\/125"}],"wp:attachment":[{"href":"https:\/\/www.casagalega.com\/wp_cgh\/wp-json\/wp\/v2\/media?parent=578"}],"curies":[{"name":"wp","href":"https:\/\/api.w.org\/{rel}","templated":true}]}}