{"id":476,"date":"2011-12-22T18:28:42","date_gmt":"2011-12-22T17:28:42","guid":{"rendered":"http:\/\/www.casagalega.com\/wp_cgh\/?page_id=476"},"modified":"2025-10-01T18:18:15","modified_gmt":"2025-10-01T17:18:15","slug":"percusion","status":"publish","type":"page","link":"https:\/\/www.casagalega.com\/wp_cgh\/grupos\/percusion\/","title":{"rendered":"Grupo Percusi\u00f3n"},"content":{"rendered":"\n<p>La percusi\u00f3n de la Banda de Gaitas est\u00e1 formada actualmente por tambores HTS PERL con dos bombos de 24&#8243; Premier. <\/p>\n\n\n\n<p>Ha estado dirigida durante varias temporadas por Cristian V\u00e1zquez y Carlos Fern\u00e1ndez que se encargan de los diferentes montajes y ultimamente Jhonathan Ferreira ha estado dando soporte en t\u00e9cnica y composici\u00f3n. <\/p>\n\n\n\n<p>Profesores y maestros como Carlos Freire, Xo\u00e1n A. Losada Soto, Jhonathan Ferreira o Fernando Dopico han formado y participado en la percusi\u00f3n de <strong>Casa Galega de L&#8217;Hospitalet.<\/strong><\/p>\n\n\n\n<p>Dentro de la Banda de Gaitas la percusi\u00f3n es uno de los factores m\u00e1s importantes a tener en cuenta, ya que en ella se basan la mayor\u00eda de los ritmos musicales.<\/p>\n\n\n\n<p>Dentro de la calidad de los diferentes componentes podemos ver actuaciones como la ofrecida en el XX Aniversario de Casa Galega de L&#8217;Hospitalet, donde se ofreci\u00f3 un \u00absolo\u00bb de percusi\u00f3n y Bombo.<\/p>\n\n\n\n<p>\u00daltimamente hemos integrado varias timbaleras que acompa\u00f1an a la percusi\u00f3n.<\/p>\n\n\n\n<p style=\"text-align: center;\"><iframe loading=\"lazy\" src=\"https:\/\/www.youtube.com\/embed\/wNRCjCqNNss\" width=\"560\" height=\"315\" allowfullscreen=\"allowfullscreen\"><\/iframe><\/p>\n\n\n\n<div class=\"wp-block-image\"><figure class=\"aligncenter is-resized\"><img loading=\"lazy\" decoding=\"async\" src=\"http:\/\/www.casagalega.com\/images\/fotos\/cgh\/grupos\/percusion\/percusion\" alt=\"\" width=\"443\" height=\"331\"\/><\/figure><\/div>\n\n\n\n<p>Dentro de la percusi\u00f3n tambi\u00e9n&nbsp;encontramos percusi\u00f3n tradicional (madera&nbsp;y cuero), menos usada en banda, en alguna ocasi\u00f3n, y mucho en acompa\u00f1amiento musical a cuarteto y grupos de baile.<\/p>\n\n\n\n<div class=\"wp-block-image\"><figure class=\"aligncenter is-resized\"><img loading=\"lazy\" decoding=\"async\" src=\"http:\/\/www.casagalega.com\/images\/fotos\/cgh\/grupos\/percusion\/percusion_5\" alt=\"Casa Galega\" width=\"456\" height=\"254\"\/><\/figure><\/div>\n\n\n\n<div class=\"wp-block-image\"><figure class=\"aligncenter is-resized\"><img loading=\"lazy\" decoding=\"async\" src=\"http:\/\/www.casagalega.com\/images\/fotos\/cgh\/grupos\/percusion\/percusion_4\" alt=\"\" width=\"458\" height=\"305\"\/><\/figure><\/div>\n","protected":false},"excerpt":{"rendered":"<p>La percusi\u00f3n de la Banda de Gaitas est\u00e1 formada actualmente por tambores HTS PERL con dos bombos de 24&#8243; Premier.&hellip;<\/p>\n","protected":false},"author":1,"featured_media":0,"parent":459,"menu_order":9,"comment_status":"closed","ping_status":"open","template":"","meta":{"ngg_post_thumbnail":0,"footnotes":""},"class_list":["post-476","page","type-page","status-publish","hentry"],"_links":{"self":[{"href":"https:\/\/www.casagalega.com\/wp_cgh\/wp-json\/wp\/v2\/pages\/476","targetHints":{"allow":["GET"]}}],"collection":[{"href":"https:\/\/www.casagalega.com\/wp_cgh\/wp-json\/wp\/v2\/pages"}],"about":[{"href":"https:\/\/www.casagalega.com\/wp_cgh\/wp-json\/wp\/v2\/types\/page"}],"author":[{"embeddable":true,"href":"https:\/\/www.casagalega.com\/wp_cgh\/wp-json\/wp\/v2\/users\/1"}],"replies":[{"embeddable":true,"href":"https:\/\/www.casagalega.com\/wp_cgh\/wp-json\/wp\/v2\/comments?post=476"}],"version-history":[{"count":23,"href":"https:\/\/www.casagalega.com\/wp_cgh\/wp-json\/wp\/v2\/pages\/476\/revisions"}],"predecessor-version":[{"id":6054,"href":"https:\/\/www.casagalega.com\/wp_cgh\/wp-json\/wp\/v2\/pages\/476\/revisions\/6054"}],"up":[{"embeddable":true,"href":"https:\/\/www.casagalega.com\/wp_cgh\/wp-json\/wp\/v2\/pages\/459"}],"wp:attachment":[{"href":"https:\/\/www.casagalega.com\/wp_cgh\/wp-json\/wp\/v2\/media?parent=476"}],"curies":[{"name":"wp","href":"https:\/\/api.w.org\/{rel}","templated":true}]}}