{"id":459,"date":"2011-12-22T18:26:13","date_gmt":"2011-12-22T17:26:13","guid":{"rendered":"http:\/\/www.casagalega.com\/wp_cgh\/?page_id=459"},"modified":"2024-11-25T12:50:33","modified_gmt":"2024-11-25T11:50:33","slug":"grupos","status":"publish","type":"page","link":"https:\/\/www.casagalega.com\/wp_cgh\/grupos\/","title":{"rendered":"Grupos"},"content":{"rendered":"<p>Uno de los principales ejes que hacen que <strong>Casa Galega<\/strong> est\u00e9 en primera l\u00ednea del folclore, de la tradici\u00f3n gallega y de Galicia en Hospitalet, <strong>son los grupos que los forman<\/strong>.<\/p>\n<p>Desde los m\u00e1s peque\u00f1os, hasta los veteranos.<\/p>\n\n\nngg_shortcode_0_placeholder\n","protected":false},"excerpt":{"rendered":"<p>Uno de los principales ejes que hacen que Casa Galega est\u00e9 en primera l\u00ednea del folclore, de la tradici\u00f3n gallega&hellip;<\/p>\n","protected":false},"author":1,"featured_media":0,"parent":0,"menu_order":13,"comment_status":"closed","ping_status":"open","template":"","meta":{"ngg_post_thumbnail":0,"footnotes":""},"class_list":["post-459","page","type-page","status-publish","hentry"],"_links":{"self":[{"href":"https:\/\/www.casagalega.com\/wp_cgh\/wp-json\/wp\/v2\/pages\/459","targetHints":{"allow":["GET"]}}],"collection":[{"href":"https:\/\/www.casagalega.com\/wp_cgh\/wp-json\/wp\/v2\/pages"}],"about":[{"href":"https:\/\/www.casagalega.com\/wp_cgh\/wp-json\/wp\/v2\/types\/page"}],"author":[{"embeddable":true,"href":"https:\/\/www.casagalega.com\/wp_cgh\/wp-json\/wp\/v2\/users\/1"}],"replies":[{"embeddable":true,"href":"https:\/\/www.casagalega.com\/wp_cgh\/wp-json\/wp\/v2\/comments?post=459"}],"version-history":[{"count":21,"href":"https:\/\/www.casagalega.com\/wp_cgh\/wp-json\/wp\/v2\/pages\/459\/revisions"}],"predecessor-version":[{"id":5921,"href":"https:\/\/www.casagalega.com\/wp_cgh\/wp-json\/wp\/v2\/pages\/459\/revisions\/5921"}],"wp:attachment":[{"href":"https:\/\/www.casagalega.com\/wp_cgh\/wp-json\/wp\/v2\/media?parent=459"}],"curies":[{"name":"wp","href":"https:\/\/api.w.org\/{rel}","templated":true}]}}