{"id":27,"date":"2011-10-31T18:26:14","date_gmt":"2011-10-31T17:26:14","guid":{"rendered":"http:\/\/www.casagalega.com\/wp_cgh\/?page_id=27"},"modified":"2024-10-06T10:45:51","modified_gmt":"2024-10-06T09:45:51","slug":"socio","status":"publish","type":"page","link":"https:\/\/www.casagalega.com\/wp_cgh\/casa-galega\/socio\/","title":{"rendered":"Socios"},"content":{"rendered":"\n<p><strong>Como hacerse socio<\/strong><\/p>\n\n\n<div class=\"wp-block-image\">\n<figure class=\"aligncenter size-large is-resized\"><img loading=\"lazy\" decoding=\"async\" src=\"https:\/\/www.casagalega.com\/wp_cgh\/wp-content\/uploads\/Web-Uploads-Puntuales\/Canva_Cuota_socio-411x1024.jpg\" alt=\"\" class=\"wp-image-6414\" width=\"624\" height=\"1555\" srcset=\"https:\/\/www.casagalega.com\/wp_cgh\/wp-content\/uploads\/Web-Uploads-Puntuales\/Canva_Cuota_socio-411x1024.jpg 411w, https:\/\/www.casagalega.com\/wp_cgh\/wp-content\/uploads\/Web-Uploads-Puntuales\/Canva_Cuota_socio-60x150.jpg 60w, https:\/\/www.casagalega.com\/wp_cgh\/wp-content\/uploads\/Web-Uploads-Puntuales\/Canva_Cuota_socio-768x1912.jpg 768w\" sizes=\"auto, (max-width: 624px) 100vw, 624px\" \/><\/figure>\n<\/div>\n\n<p>Cualquier duda o error tipogr\u00e1fico en la web, pueden <a href=\"https:\/\/www.casagalega.com\/wp_cgh\/casa-galega\/contacto\/\" target=\"_blank\" rel=\"noopener\">contactar con la oficina\/secretaria de Casa Galega<\/a> s\u00e1bados tarde o domingos ma\u00f1ana y confirmar cuotas por modificaciones en \u00faltimo momento.<\/p>","protected":false},"excerpt":{"rendered":"<p>Como hacerse socio Cualquier duda o error tipogr\u00e1fico en la web, pueden contactar con la oficina\/secretaria de Casa Galega s\u00e1bados&hellip;<\/p>\n","protected":false},"author":1,"featured_media":0,"parent":13,"menu_order":5,"comment_status":"closed","ping_status":"closed","template":"","meta":{"ngg_post_thumbnail":0,"footnotes":""},"class_list":["post-27","page","type-page","status-publish","hentry"],"_links":{"self":[{"href":"https:\/\/www.casagalega.com\/wp_cgh\/wp-json\/wp\/v2\/pages\/27","targetHints":{"allow":["GET"]}}],"collection":[{"href":"https:\/\/www.casagalega.com\/wp_cgh\/wp-json\/wp\/v2\/pages"}],"about":[{"href":"https:\/\/www.casagalega.com\/wp_cgh\/wp-json\/wp\/v2\/types\/page"}],"author":[{"embeddable":true,"href":"https:\/\/www.casagalega.com\/wp_cgh\/wp-json\/wp\/v2\/users\/1"}],"replies":[{"embeddable":true,"href":"https:\/\/www.casagalega.com\/wp_cgh\/wp-json\/wp\/v2\/comments?post=27"}],"version-history":[{"count":26,"href":"https:\/\/www.casagalega.com\/wp_cgh\/wp-json\/wp\/v2\/pages\/27\/revisions"}],"predecessor-version":[{"id":6626,"href":"https:\/\/www.casagalega.com\/wp_cgh\/wp-json\/wp\/v2\/pages\/27\/revisions\/6626"}],"up":[{"embeddable":true,"href":"https:\/\/www.casagalega.com\/wp_cgh\/wp-json\/wp\/v2\/pages\/13"}],"wp:attachment":[{"href":"https:\/\/www.casagalega.com\/wp_cgh\/wp-json\/wp\/v2\/media?parent=27"}],"curies":[{"name":"wp","href":"https:\/\/api.w.org\/{rel}","templated":true}]}}