{"id":20,"date":"2011-10-31T18:20:29","date_gmt":"2011-10-31T17:20:29","guid":{"rendered":"http:\/\/www.casagalega.com\/wp_cgh\/?page_id=20"},"modified":"2025-02-13T11:43:17","modified_gmt":"2025-02-13T10:43:17","slug":"historia","status":"publish","type":"page","link":"https:\/\/www.casagalega.com\/wp_cgh\/casa-galega\/historia\/","title":{"rendered":"Historia"},"content":{"rendered":"\n<div class=\"wp-block-image\"><figure class=\"aligncenter is-resized\"><img loading=\"lazy\" decoding=\"async\" src=\"https:\/\/www.casagalega.com\/images\/fotos\/cgh\/Masia_CGH_v2.jpg\" alt=\"\" width=\"840\" height=\"160\"><\/figure><\/div>\n\n\n<h2 style=\"text-align: left;\">Una entidad joven y din\u00e1mica<\/h2>\n<p style=\"text-align: justify;\">Fundada en 1987, la Casa Galega L&#8217;Hospitalet ha establecido un firme compromiso con la promoci\u00f3n y difusi\u00f3n de la cultura gallega en Catalu\u00f1a, convirti\u00e9ndose en una asociaci\u00f3n din\u00e1mica y multifac\u00e9tica que agrupa a m\u00e1s de 400 familias de diversas edades.<\/p>\n<p>Su trayectoria se inici\u00f3 como la <strong>Casa Galega de Font Trobada<\/strong>, un nombre que mantiene su relevancia en la identidad de la entidad. El local, situado en las actuales piscinas de Montju\u00efc, conocido como Font Trobada, sirvi\u00f3 como sala de baile para la comunidad gallega hasta la celebraci\u00f3n de los Juegos Ol\u00edmpicos de Barcelona en 1992. (<a href=\"https:\/\/ca.wikipedia.org\/wiki\/Font_Trobada\" target=\"_blank\" rel=\"noopener\">Art\u00edculo Wikipedia)<\/a> &#8211; <a href=\"https:\/\/enarchenhologos.blogspot.com\/2014\/08\/les-fonts-de-montjuic.html\" target=\"_blank\" rel=\"noopener\">(Art\u00edculo Les Fonts de Montju\u00efc)<\/a><\/p>\n<p>Despu\u00e9s de su paso por Font Trobada de Montju\u00efc y diversas ubicaciones en L&#8217;Hospitalet, la asociaci\u00f3n traslad\u00f3 su actividad a la <a href=\"https:\/\/ca.wikipedia.org\/wiki\/L%27Escor%C3%A7a_(l%27Hospitalet_de_Llobregat)\" target=\"_blank\" rel=\"noopener noreferrer\"><strong>Masia Escor\u00e7a<\/strong><\/a>, un edificio hist\u00f3rico datado a finales del siglo XIX, reconocido en la actualidad como uno de las mas\u00edas m\u00e1s emblem\u00e1ticas de <a href=\"https:\/\/invarquit.cultura.gencat.cat\/card\/20590\" target=\"_blank\" rel=\"noopener\">L&#8217;Hospitalet de Llobregat.<\/a><\/p>\n<p style=\"text-align: justify;\">La Mas\u00eda Escor\u00e7a (<strong>construida en el a\u00f1o 1840 y antes llamada <a href=\"https:\/\/lhospitaletdellobregat.wordpress.com\/tag\/can-bitllera\/\" target=\"_blank\" rel=\"noopener\">Can Bitllera<\/a><\/strong>) fue completamente remodelada en 2003, ofreciendo instalaciones id\u00f3neas para el desarrollo efectivo de las diversas actividades promovidas por la Casa Galega, al tiempo que facilita el incremento progresivo de sus asociados. Aqu\u00ed puedes ver m\u00e1s informaci\u00f3n sobre la <a href=\"https:\/\/lhospitaletdellobregat.wordpress.com\/category\/3-tematica\/masies-indrets\/lescorca-cal-bitllera\/\" target=\"_blank\" rel=\"noopener\">Masia Escor\u00e7a<\/a>\/<a href=\"https:\/\/estimadaterra.wordpress.com\/tag\/can-bitllera\/\" target=\"_blank\" rel=\"noopener\">Can Bitllera.<\/a><\/p>\n<p style=\"text-align: justify;\">Las reformas integrales han permitido la creaci\u00f3n de espacios polivalentes y completamente equipados para los ensayos de los grupos, as\u00ed como la expansi\u00f3n de la biblioteca y la sala de socios, que sirve como un lugar de encuentro para actividades recreativas, incluidas partidas de cartas, lectura de prensa, y visualizaci\u00f3n de televisi\u00f3n y m\u00fasica.<\/p>\n<p>La m\u00fasica y el baile tradicionales son el eje central de la Casa Galega, donde se imparten clases en diversos niveles, abarcando un total de 80 alumnos. El centro sociocultural cuenta con una banda compuesta por 50 m\u00fasicos y cuatro grupos de danza que representan a la entidad en m\u00faltiples eventos y cert\u00e1menes de car\u00e1cter tanto catal\u00e1n como gallego.<\/p>\n<p>El grupo de baile de mayores ha sido merecedor de reconocimientos por su dedicaci\u00f3n, obteniendo varios premios en diversos concurso de Catalu\u00f1a y Galicia, como el <a href=\"https:\/\/www.casagalega.com\/wp_cgh\/concursos-y-eventos\/fegalcat\/\">Concurso de M\u00fasica e Baile Tradicional Galego en Catalunya<\/a> en varias de sus ediciones y&nbsp; un primer puesto en la categor\u00eda D del XV Concurso de Baile Tradicional, organizado por la Asociaci\u00f3n <a href=\"https:\/\/www.casagalega.com\/wp_cgh\/concursos-y-eventos\/xacarandaina\/\"><strong>Xacarandaina<\/strong><\/a>, siendo el primer grupo en obtener dicho galard\u00f3n<strong> fuera de Galicia. <\/strong>Tambi\u00e9n se otorg\u00f3 premio al mejor bailar\u00edn en la edici\u00f3n de 2019.<\/p>\n<p>Desde el a\u00f1o 2000, la banda de la Casa Galega L&#8217;Hospitalet ha competido en la <a href=\"https:\/\/www.casagalega.com\/wp_cgh\/concursos-y-eventos\/liga-de-bandas\/\">Liga de Bandas de Gaitas<\/a> en Galicia as\u00ed como en varios campeonatos de Europa.&nbsp;<\/p>\n<p style=\"text-align: justify;\">Con el baile y la m\u00fasica como ejes fundamentales, la Casa Galega complementa su oferta cultural y recreativa mediante cursos de lengua, historia y cultura gallega, adem\u00e1s de actividades dise\u00f1adas para fortalecer los lazos entre socios y alumnos. A lo largo del a\u00f1o, se organizan diversas salidas, como la tradicional excursi\u00f3n a la nieve, y se celebran festividades gastron\u00f3micas que celebran la rica herencia culinaria de Galicia, siendo el Magosto y la Fiesta de la Empanada las m\u00e1s populares entre los miembros de la entidad.<\/p>\n<p style=\"text-align: justify;\">Con el prop\u00f3sito de difundir la cultura y tradiciones de Galicia, la Casa Galega L&#8217;Hospitalet abre sus puertas a todas las personas, tanto gallegas como no gallegas, interesadas en descubrir, experimentar y compartir la riqueza cultural de esta emblem\u00e1tica tierra.<\/p>\n<p style=\"text-align: justify;\">Si quieres saber todo lo que esta entidad ha realizado desde 1987, te invitamos a que navegues por las diferentes secciones y encontrar\u00e1s mucha m\u00e1s informaci\u00f3n. <strong>En 2027 cumpliremos 40 a\u00f1os!<\/strong><\/p>\n<p>Se pueden consultar algunas de las im\u00e1genes m\u00e1s representativas de la Mas\u00eda en un art\u00edculo de N\u00e9stor Caba\u00f1as L\u00f3pez, que destaca la Pla\u00e7a de L\u2019Escor\u00e7a y la conocida Pla\u00e7a de la Pin\u00e7a.<\/p>\n\n\nngg_shortcode_0_placeholder\n","protected":false},"excerpt":{"rendered":"<p>Una entidad joven y din\u00e1mica Fundada en 1987, la Casa Galega L&#8217;Hospitalet ha establecido un firme compromiso con la promoci\u00f3n&hellip;<\/p>\n","protected":false},"author":1,"featured_media":0,"parent":13,"menu_order":1,"comment_status":"closed","ping_status":"closed","template":"","meta":{"ngg_post_thumbnail":0,"footnotes":""},"class_list":["post-20","page","type-page","status-publish","hentry"],"_links":{"self":[{"href":"https:\/\/www.casagalega.com\/wp_cgh\/wp-json\/wp\/v2\/pages\/20","targetHints":{"allow":["GET"]}}],"collection":[{"href":"https:\/\/www.casagalega.com\/wp_cgh\/wp-json\/wp\/v2\/pages"}],"about":[{"href":"https:\/\/www.casagalega.com\/wp_cgh\/wp-json\/wp\/v2\/types\/page"}],"author":[{"embeddable":true,"href":"https:\/\/www.casagalega.com\/wp_cgh\/wp-json\/wp\/v2\/users\/1"}],"replies":[{"embeddable":true,"href":"https:\/\/www.casagalega.com\/wp_cgh\/wp-json\/wp\/v2\/comments?post=20"}],"version-history":[{"count":44,"href":"https:\/\/www.casagalega.com\/wp_cgh\/wp-json\/wp\/v2\/pages\/20\/revisions"}],"predecessor-version":[{"id":7603,"href":"https:\/\/www.casagalega.com\/wp_cgh\/wp-json\/wp\/v2\/pages\/20\/revisions\/7603"}],"up":[{"embeddable":true,"href":"https:\/\/www.casagalega.com\/wp_cgh\/wp-json\/wp\/v2\/pages\/13"}],"wp:attachment":[{"href":"https:\/\/www.casagalega.com\/wp_cgh\/wp-json\/wp\/v2\/media?parent=20"}],"curies":[{"name":"wp","href":"https:\/\/api.w.org\/{rel}","templated":true}]}}