{"id":1918,"date":"2013-04-19T00:27:41","date_gmt":"2013-04-18T23:27:41","guid":{"rendered":"http:\/\/www.casagalega.com\/wp_cgh\/?page_id=1918"},"modified":"2025-11-13T16:39:12","modified_gmt":"2025-11-13T15:39:12","slug":"2013-2","status":"publish","type":"page","link":"https:\/\/www.casagalega.com\/wp_cgh\/san-iago\/2013-2\/","title":{"rendered":"2013"},"content":{"rendered":"\n<p>Tras el \u00e9xito del a\u00f1o 2012 en el Parque Metropolitano de la Ermita de Bellvitge, <strong>Casa Galega<\/strong> <strong>de l&#8217;Hospitalet <\/strong>repite fiesta, mismo formato pero con algunas novedades.<\/p>\n\n\n\n<p>Este a\u00f1o dos nuevos espect\u00e1culos se realizar\u00e1n durante los d\u00edas de la fiesta. A parte de las ya tradicionales como la orquesta con sus sesiones nocturnas y sesiones verm\u00fa los domingos junto con los juegos infantiles por la ma\u00f1ana.<\/p>\n\n\n\n<p>El espect\u00e1culo un d\u00eda de fiesta en la aldea y la noche de las Bandas Sonoras, representadas por la <strong><a href=\"https:\/\/www.casagalega.com\/wp_cgh\/grupos\/banda-de-gatias\/\">Banda de Gaitas de Casa Galega<\/a><\/strong>, son los platos fuertes de este a\u00f1o.<\/p>\n\n\n\n<p>Como cada a\u00f1o, los barrios de L&#8217;Hospitalet se juntan es parque Metropolitano de Bellvitge, compartiendo gastronom\u00eda y cultura durante todo el fin de semana.<\/p>\n\n\n\n<p>Un d\u00eda de fiesta en la aldea.  Esta nueva propuesta de espect\u00e1culo fue bien acogida por el p\u00fablico asistente. Un montaje con diferentes actuaciones de padres, hijos y los m\u00e1s veteranos representaron una tarde de fiesta como las de antes. <br>Una taberna, un lugar de encuentro donde empieza todo y la suma de varios m\u00fasicos para el acompa\u00f1amiento con colaboraciones especiales para el evento hicieron que esta representaci\u00f3n fuese todo un \u00e9xito.<\/p>\n\n\n\n<p>A parte de las inestimables colaboraciones de los diferentes grupos de la ciudad de Hospitalet, como Centro Extreme\u00f1o de L&#8217;Hospitalet, Grupo irland\u00e9s, <strong>A.C Rosal\u00eda de Castro de Cornell\u00e1<\/strong> o <strong>A.C. Agarimos de Badalona, <\/strong>entre otros, no faltaron las tradicionales comidas de socios, chapuzones y ensayos varios para que el resultado final de la fiesta fuese el mejor posible.<\/p>\n\n\n\n<p>Agradecer tambi\u00e9n a <strong>Jhonathan Ferreira<\/strong> y <strong>Abraham Fern\u00e1ndez<\/strong> sus colaboraciones con todo el grupo, creo que tambi\u00e9n se lo pasaron bien con el tradicional chapuz\u00f3n del domingo y el gran tema para percusi\u00f3n y bombo con la ayuda de Abraham: <strong>La cucaracha<\/strong>.<\/p>\n\n\n\n<p>Os esperamos para el 2014.<\/p>\n\n\n\n<p><\/p>\n\n\n<p>&nbsp;Un resumen del espect\u00e1culo, un d\u00eda cualquiera en la aldea:<\/p>\n<p style=\"text-align: center;\"><iframe loading=\"lazy\" src=\"https:\/\/www.youtube.com\/embed\/t36gdDTARcY\" width=\"560\" height=\"315\" frameborder=\"0\" allowfullscreen=\"allowfullscreen\"><\/iframe><\/p>\n<p style=\"text-align: center;\"><iframe loading=\"lazy\" src=\"https:\/\/www.youtube.com\/embed\/8FlY69ykPn8\" width=\"560\" height=\"315\" frameborder=\"0\" allowfullscreen=\"allowfullscreen\"><\/iframe><\/p>\n<p>Tambi\u00e9n es posible ver la totalidad de espect\u00e1culo (45m) en en <a href=\"https:\/\/www.youtube.com\/user\/casagalega\" target=\"_blank\" rel=\"noopener noreferrer\">Canal Oficial de Youtube de Casa Galega<\/a>.<\/p>\n<p style=\"text-align: center;\"><iframe loading=\"lazy\" src=\"https:\/\/www.youtube.com\/embed\/TSi1CtQTqeE\" width=\"560\" height=\"315\" frameborder=\"0\" allowfullscreen=\"allowfullscreen\"><\/iframe><\/p>\n<p>Otro de los platos fuertes de la noche fue la representaci\u00f3n con la Banda de Gaitas de Casa Galega de las mejores<strong> bandas sonoras<\/strong> de la historia del cine, Carros de fuego, Rocky, Piratas del Caribe o el se\u00f1or de los anillos.<\/p>\n<p style=\"text-align: center;\"><iframe loading=\"lazy\" src=\"https:\/\/www.youtube.com\/embed\/3etiz4VIAVA\" width=\"560\" height=\"315\" frameborder=\"0\" allowfullscreen=\"allowfullscreen\"><\/iframe><\/p>\n<p>Los mejores momentos recogidos en la siguiente galer\u00eda.<\/p>\n\n\nngg_shortcode_0_placeholder\n","protected":false},"excerpt":{"rendered":"<p>Tras el \u00e9xito del a\u00f1o 2012 en el Parque Metropolitano de la Ermita de Bellvitge, Casa Galega de l&#8217;Hospitalet repite&hellip;<\/p>\n","protected":false},"author":1,"featured_media":0,"parent":125,"menu_order":13,"comment_status":"closed","ping_status":"open","template":"","meta":{"ngg_post_thumbnail":0,"footnotes":""},"class_list":["post-1918","page","type-page","status-publish","hentry"],"_links":{"self":[{"href":"https:\/\/www.casagalega.com\/wp_cgh\/wp-json\/wp\/v2\/pages\/1918","targetHints":{"allow":["GET"]}}],"collection":[{"href":"https:\/\/www.casagalega.com\/wp_cgh\/wp-json\/wp\/v2\/pages"}],"about":[{"href":"https:\/\/www.casagalega.com\/wp_cgh\/wp-json\/wp\/v2\/types\/page"}],"author":[{"embeddable":true,"href":"https:\/\/www.casagalega.com\/wp_cgh\/wp-json\/wp\/v2\/users\/1"}],"replies":[{"embeddable":true,"href":"https:\/\/www.casagalega.com\/wp_cgh\/wp-json\/wp\/v2\/comments?post=1918"}],"version-history":[{"count":41,"href":"https:\/\/www.casagalega.com\/wp_cgh\/wp-json\/wp\/v2\/pages\/1918\/revisions"}],"predecessor-version":[{"id":7086,"href":"https:\/\/www.casagalega.com\/wp_cgh\/wp-json\/wp\/v2\/pages\/1918\/revisions\/7086"}],"up":[{"embeddable":true,"href":"https:\/\/www.casagalega.com\/wp_cgh\/wp-json\/wp\/v2\/pages\/125"}],"wp:attachment":[{"href":"https:\/\/www.casagalega.com\/wp_cgh\/wp-json\/wp\/v2\/media?parent=1918"}],"curies":[{"name":"wp","href":"https:\/\/api.w.org\/{rel}","templated":true}]}}