{"id":152,"date":"2011-11-08T19:44:56","date_gmt":"2011-11-08T18:44:56","guid":{"rendered":"http:\/\/www.casagalega.com\/wp_cgh\/?page_id=152"},"modified":"2025-11-13T16:40:06","modified_gmt":"2025-11-13T15:40:06","slug":"ortigueira","status":"publish","type":"page","link":"https:\/\/www.casagalega.com\/wp_cgh\/concursos-y-eventos\/ortigueira\/","title":{"rendered":"Ortigueira"},"content":{"rendered":"\n<figure class=\"wp-block-image size-large\"><img decoding=\"async\" src=\"http:\/\/www.casagalega.com\/images\/fotos\/concursos\/Ortigueira\/Festival_ortigueira_Logo.jpg\" alt=\"\"\/><\/figure>\n\n\n\n<p><strong>El Festival de Ortigueira<\/strong>&nbsp;es uno de los eventos m\u00e1s emblem\u00e1ticos de m\u00fasica folk en Galicia y Europa. Celebrado anualmente en la localidad de Ortigueira, este festival re\u00fane a artistas y amantes de la m\u00fasica celta de todo el mundo, ofreciendo una experiencia cultural \u00fanica y vibrante.<\/p>\n\n\n\n<p><strong>En 2009<\/strong>, despu\u00e9s de rechazar las invitaciones para asistir al festival por otros compromisos, Casa Galega de Hospitalet (CGH) finalmente particip\u00f3 en la <strong>XXV edici\u00f3n del Festival Internacional del Mundo Celta de Ortigueira.<\/strong> Este festival, que tuvo lugar del 9 al 12 de julio, es conocido por su ambiente festivo y su impresionante cartel de artistas\u00a0<\/p>\n\n\n\n<p>Durante los d\u00edas 10 y 11 de julio de 2009, CGH particip\u00f3 en los diferentes eventos organizados por la Banda de Gaitas de Ortigueira. Uno de los momentos m\u00e1s destacados fue su actuaci\u00f3n en el escenario principal del festival, el Estrella Galicia, situado en las orillas de la ciudad y con capacidad para m\u00e1s de 15,000 personas&nbsp;<\/p>\n\n\n\n<p><strong>Casa Galega de Hospitalet<\/strong>, junto con la <strong>Asociaci\u00f3n Cultural Rosal\u00eda de Castro de Cornell\u00e1<\/strong>, fueron los encargados de abrir la noche del s\u00e1bado, justo antes de la gran actuaci\u00f3n de Budi\u00f1o, con una gala especialmente dise\u00f1ada para el evento. La participaci\u00f3n de CGH en el festival fue un \u00e9xito rotundo, dejando una huella imborrable en todos los asistentes.<br><br>Pero antes de la gran actuaci\u00f3n acontecieron otros eventos que detallamos seguidamente.<\/p>\n\n\n\n<p class=\"has-text-align-center\">Programa del Festival&nbsp;<a href=\"http:\/\/www.casagalega.com\/images\/fotos\/concursos\/Ortigueira\/Programa_2009.pdf\" target=\"_blank\" rel=\"noreferrer noopener\">(PDF)<\/a><\/p>\n\n\n\n<p><strong>Viernes<\/strong><\/p>\n\n\n\n<p>Desfile por las principales calles de Ortigueira con la banda formada por Casa Galega y Rosal\u00eda de Castro, un desfile de 60 minutos con una actuaci\u00f3n de baile en la zona de tiendas.<\/p>\n\n\n<div class=\"wp-block-image\">\n<figure class=\"aligncenter is-resized\"><img decoding=\"async\" src=\"http:\/\/www.casagalega.com\/images\/fotos\/concursos\/Ortigueira\/preparacion_banda.JPG\" alt=\"\" style=\"width:464px;height:348px\"\/><\/figure>\n<\/div>\n\n<div class=\"wp-block-image\">\n<figure class=\"aligncenter is-resized\"><img decoding=\"async\" src=\"http:\/\/www.casagalega.com\/images\/fotos\/concursos\/Ortigueira\/baile_1.JPG\" alt=\"\" style=\"width:460px;height:345px\"\/><\/figure>\n<\/div>\n\n\n<p>Todo ello fue un avance de lo que pasar\u00eda el S\u00e1bado sobre las 22:00h en el escenario del Estrella Galicia.<\/p>\n\n\n\n<p><strong>S\u00e1bado<\/strong><\/p>\n\n\n\n<p>Un gran escenario se abr\u00eda para el grupo, el gran escenario del Estrella Galicia. Para ello se mont\u00f3 una gala especial Ortigueira donde se interpretar\u00edan varias piezas del repertorio de Casa Galega. Esta vez en los apartados de Banda de Gaitas y de Cuartetos, A.C. Rosal\u00eda de Castro tambi\u00e9n particip\u00f3.<\/p>\n\n\n\n<p>La Gala Especial Ortigueira fue:<\/p>\n\n\n\n<p class=\"has-text-align-center\">Apertura&nbsp;Gala, Solista<br> Mui\u00f1eira punteada de Tordoia <br>Grupo Cantareiras<br>Xota Mui\u00f1eira do Castelo da Rigueira<br>Grupo de Cuartetos<br> Xota Mui\u00f1eira de Vilarello da Igrexa <\/p>\n\n\n<div class=\"wp-block-image\">\n<figure class=\"aligncenter is-resized\"><img decoding=\"async\" src=\"http:\/\/www.casagalega.com\/images\/fotos\/concursos\/Ortigueira\/cantareiras.jpg\" alt=\"\" style=\"width:465px;height:349px\"\/><\/figure>\n<\/div>\n\n<div class=\"wp-block-image\">\n<figure class=\"aligncenter is-resized\"><img decoding=\"async\" src=\"http:\/\/www.casagalega.com\/images\/fotos\/concursos\/Ortigueira\/cuarteto.jpg\" alt=\"\" style=\"width:467px;height:350px\"\/><\/figure>\n<\/div>\n\n<div class=\"wp-block-image\">\n<figure class=\"aligncenter is-resized\"><img decoding=\"async\" src=\"http:\/\/www.casagalega.com\/images\/fotos\/concursos\/Ortigueira\/castelo.jpg\" alt=\"\" style=\"width:469px;height:352px\"\/><\/figure>\n<\/div>\n\n<div class=\"wp-block-image\">\n<figure class=\"aligncenter is-resized\"><img decoding=\"async\" src=\"http:\/\/www.casagalega.com\/images\/fotos\/concursos\/Ortigueira\/vilarello.jpg\" alt=\"\" style=\"width:471px;height:353px\"\/><\/figure>\n<\/div>\n\n<p style=\"text-align: center;\"><iframe loading=\"lazy\" src=\"https:\/\/www.youtube.com\/embed\/PWtRcUs5ITQ\" width=\"560\" height=\"315\" frameborder=\"0\" allowfullscreen=\"allowfullscreen\"><\/iframe><\/p>\n<p style=\"text-align: center;\"><img loading=\"lazy\" decoding=\"async\" title=\"Gala Ortigueira - Publico (+10.000 personas)\" src=\"http:\/\/www.casagalega.com\/images\/fotos\/concursos\/Ortigueira\/publico.jpg\" alt=\"Gala Ortigueira - Publico\" width=\"944\" height=\"243\" border=\"0\"><\/p>\n<p>Seg\u00fan la prensa, durante el concierto de Budi\u00f1o se registraron&nbsp;<strong>20,000 personas<\/strong>. De estas, creemos que unas&nbsp;<strong>13,000<\/strong>&nbsp;pudieron seguir nuestra gala.<\/p>\n<p><strong>Domingo<\/strong><\/p>\n<p>Parte de la Banda de Gaitas particip\u00f3 en el desfile final, cerrando as\u00ed un gran fin de semana en uno de los grandes eventos que existen en Galicia.<\/p>\n<p style=\"text-align: center;\"><img loading=\"lazy\" decoding=\"async\" class=\"aligncenter\" style=\"border-width: 0px;\" title=\"Gala Ortigueira - Banda Ensayo\" src=\"http:\/\/www.casagalega.com\/images\/fotos\/concursos\/Ortigueira\/banda_ensayo.jpg\" alt=\"Gala Ortigueira - Banda Ensayo\" width=\"944\" height=\"243\" border=\"0\"><\/p>\n<p align=\"center\">&nbsp;<\/p>\n\n<div class=\"wp-block-image\">\n<figure class=\"aligncenter is-resized\"><img decoding=\"async\" src=\"http:\/\/www.casagalega.com\/images\/fotos\/concursos\/Ortigueira\/escenario.JPG\" alt=\"\" style=\"width:457px;height:343px\"\/><\/figure>\n<\/div>\n\n<div class=\"wp-block-image\">\n<figure class=\"aligncenter is-resized\"><img decoding=\"async\" src=\"http:\/\/www.casagalega.com\/images\/fotos\/concursos\/Ortigueira\/grupo_ortigueira.JPG\" alt=\"\" style=\"width:457px;height:343px\"\/><\/figure>\n<\/div>\n\n\n<p>Gracias a todos por la participaci\u00f3n y la colaboraci\u00f3n&nbsp;en estos d\u00edas, sin tener en cuenta los nervios y las prisas de los d\u00edas anteriores.<br><br> Gracias. <\/p>\n\n\n\nngg_shortcode_0_placeholder\n","protected":false},"excerpt":{"rendered":"<p>El Festival de Ortigueira&nbsp;es uno de los eventos m\u00e1s emblem\u00e1ticos de m\u00fasica folk en Galicia y Europa. Celebrado anualmente en&hellip;<\/p>\n","protected":false},"author":1,"featured_media":0,"parent":64,"menu_order":12,"comment_status":"closed","ping_status":"open","template":"","meta":{"ngg_post_thumbnail":0,"footnotes":""},"class_list":["post-152","page","type-page","status-publish","hentry"],"_links":{"self":[{"href":"https:\/\/www.casagalega.com\/wp_cgh\/wp-json\/wp\/v2\/pages\/152","targetHints":{"allow":["GET"]}}],"collection":[{"href":"https:\/\/www.casagalega.com\/wp_cgh\/wp-json\/wp\/v2\/pages"}],"about":[{"href":"https:\/\/www.casagalega.com\/wp_cgh\/wp-json\/wp\/v2\/types\/page"}],"author":[{"embeddable":true,"href":"https:\/\/www.casagalega.com\/wp_cgh\/wp-json\/wp\/v2\/users\/1"}],"replies":[{"embeddable":true,"href":"https:\/\/www.casagalega.com\/wp_cgh\/wp-json\/wp\/v2\/comments?post=152"}],"version-history":[{"count":32,"href":"https:\/\/www.casagalega.com\/wp_cgh\/wp-json\/wp\/v2\/pages\/152\/revisions"}],"predecessor-version":[{"id":7648,"href":"https:\/\/www.casagalega.com\/wp_cgh\/wp-json\/wp\/v2\/pages\/152\/revisions\/7648"}],"up":[{"embeddable":true,"href":"https:\/\/www.casagalega.com\/wp_cgh\/wp-json\/wp\/v2\/pages\/64"}],"wp:attachment":[{"href":"https:\/\/www.casagalega.com\/wp_cgh\/wp-json\/wp\/v2\/media?parent=152"}],"curies":[{"name":"wp","href":"https:\/\/api.w.org\/{rel}","templated":true}]}}