{"id":144,"date":"2011-11-08T19:43:00","date_gmt":"2011-11-08T18:43:00","guid":{"rendered":"http:\/\/www.casagalega.com\/wp_cgh\/?page_id=144"},"modified":"2025-11-13T16:40:08","modified_gmt":"2025-11-13T15:40:08","slug":"fegalcat","status":"publish","type":"page","link":"https:\/\/www.casagalega.com\/wp_cgh\/concursos-y-eventos\/fegalcat\/","title":{"rendered":"Fegalcat"},"content":{"rendered":"\n<p>A principios del a\u00f1o 2001 se organiz\u00f3 el primer Concurso de M\u00fasica e Baile Tradicional Galego en Catalu\u00f1a, organizado por la <strong>Federaci\u00f3n de Entidades Culturales Gallegas en Catalu\u00f1a<\/strong> &#8211; Fegalcat.<\/p>\n\n\n\n<p>Dicho concurso ofrece la oportunidad a participar a cualquier entidad de dentro y fuera de Catalu\u00f1a, incluso de Europa. Dispone de varias modalidades de participaci\u00f3n, Canto, Gaitero Solista, Cuarteto, Bandas de Gaitas y Baile Tradicional. Dentro de cada categor\u00eda la Federaci\u00f3n y los diferentes patrocinadores ofrecen varios premios a los tres mejores clasificados.<\/p>\n\n\n\n<p>Se ha celebrado en los auditorios m\u00e1s importantes de Barcelona desde el Palau de Congresos de Barcelona (primer y segundo a\u00f1o), L&#8217;Auditori (tercer a\u00f1o) y el Teatre Nacional de Catalunya (hasta la fecha)<\/p>\n\n\n\n<p>Dentro de la din\u00e1mica de los diferentes concursos, la&nbsp;<strong>Casa Galega de L&#8217;Hospitalet<\/strong>&nbsp;ha ido participando en todos y cada uno de ellos quedando en muy buenas posiciones en alguna ocasi\u00f3n.<\/p>\n\n\n\n<p><strong>2009<\/strong><\/p>\n<hr id=\"null\">\n<p>Celebrado en el auditori de Cornell\u00e1, por primer a\u00f1o consecutivo, el resultado ha sido:<\/p>\n<p>SOLISTAS<\/p>\n<p>&#8211; 1\u00ba Premio: Toxos e Xestas de Barcelona &#8211; Alal\u00e1 das Mari\u00f1as &#8211; Jota de Porto do Cabo &#8211; Novo Milenium<br>&#8211; 2\u00ba Premio:&nbsp; Airi\u00f1os da Nosa Galicia de Santa Coloma &#8211; Negra Sombra &#8211; Variaci\u00f3ns sobre Jota do porto do Cabo<br>&#8211; 3\u00ba Premio:&nbsp;&nbsp;Cova da Serpe de Barcelona &#8211; Abrente en Cordobelas &#8211; A Danti\u00f1a<\/p>\n<p>CUARTETOS\/QUINTETOS<\/p>\n<p>&#8211; 1\u00ba Premio:&nbsp;<strong>Casa Galega de Hospitalet &#8211; Jota do Ateneo &#8211; No coto da Xesta &#8211; Pasodoble de Pepe<\/strong><br>&#8211; 2\u00ba Premio:&nbsp;Toxos e Xestas de Barcelona &#8211; Jotarreando &#8211; Alborada de Inzenga &#8211; Abrente en Cordobelas<br>&#8211; 3\u00ba Premio:&nbsp;A Nosa Galiza de Xenebra &#8211; Suiza &#8211; A Xesta &#8211; Ancoradoiro<\/p>\n<p>CANTAREIRAS\/OS<\/p>\n<p>&#8211; 1\u00ba Premio: Grialia de Vigo&nbsp;&#8211;<br>&#8211; 2\u00ba Premio:&nbsp;Xiradela de Arteixo &#8211; A Coru\u00f1a &#8211;<br>&#8211; 3\u00ba Premio:&nbsp;Aleivos\u00eda de Rianxo &#8211;<\/p>\n<p>BANDAS DE GAITAS<\/p>\n<p>&#8211; 1\u00ba Premio: Toxos e Xestas de Barcelona<br>&#8211; 2\u00ba Premio:&nbsp;<strong>Casa Galega de Hospitalet<br><\/strong>&#8211; 3\u00ba Premio:&nbsp;Cova da Serpe de Barcelona<\/p>\n<p>BAILE<\/p>\n<p>&#8211; 1\u00ba Premio: Cova da Serpe de Barcelona &#8211; Mui\u00f1eira de Fontaneira &#8211; Carballesa do Inicio<br>&#8211; 2\u00ba Premio:&nbsp;Toxos E Xestas de Barcelona &#8211; Jota da Picota e Vals de Arcos &#8211; Punteada de Silv\u00e1n<br>&#8211; 3\u00ba Premio:&nbsp;Xiradela de Arteixo &#8211; A Coru\u00f1a &#8211; Maneo e Mui\u00f1eira de Vilaverde de Cereo &#8211; Ser\u00e1n en Tout\u00f3n<\/p>\n<p style=\"text-align: center;\"><iframe loading=\"lazy\" src=\"https:\/\/www.youtube.com\/embed\/pMSCwOUJzMo\" width=\"560\" height=\"315\" frameborder=\"0\" allowfullscreen=\"allowfullscreen\"><\/iframe><\/p>\n<p style=\"text-align: center;\"><iframe loading=\"lazy\" src=\"https:\/\/www.youtube.com\/embed\/m2b06LRXKQ4\" width=\"560\" height=\"315\" frameborder=\"0\" allowfullscreen=\"allowfullscreen\"><\/iframe><\/p>\n<p style=\"text-align: center;\"><iframe loading=\"lazy\" src=\"https:\/\/www.youtube.com\/embed\/yv8gVndG3os\" width=\"560\" height=\"315\" frameborder=\"0\" allowfullscreen=\"allowfullscreen\"><\/iframe><\/p>\n<p style=\"text-align: center;\"><iframe loading=\"lazy\" src=\"https:\/\/www.youtube.com\/embed\/dGGNpZfy86o\" width=\"560\" height=\"315\" frameborder=\"0\" allowfullscreen=\"allowfullscreen\"><\/iframe><\/p>\n<p style=\"text-align: center;\"><iframe loading=\"lazy\" src=\"https:\/\/www.youtube.com\/embed\/XetYEBPRqDc\" width=\"560\" height=\"315\" frameborder=\"0\" allowfullscreen=\"allowfullscreen\"><\/iframe><\/p>\n<p style=\"text-align: center;\"><iframe loading=\"lazy\" src=\"https:\/\/www.youtube.com\/embed\/wiNWguJN57k\" width=\"560\" height=\"315\" frameborder=\"0\" allowfullscreen=\"allowfullscreen\"><\/iframe><\/p>\n\n\n\n<p><strong>2008&nbsp;<\/strong><\/p>\n<hr id=\"null\">\n<p>Celebrado en el Palau de Congresos de Catalunya, por segundo a\u00f1o consecutivo, el resultado fue el siguiente:<\/p>\n\n\n\n<p>SOLISTAS&nbsp;<br>&#8211; 1\u00ba Premio:&nbsp;<strong>Casa Galega de L&#8217;Hospitalet<\/strong>&nbsp;&#8211; Eurriandal e Xota de Poio<br>&#8211; 2\u00ba Premio: As Burgas &#8211; Eibar &#8211; Aforamento dunha jota de auga nun micromatraz<br>&#8211; 3\u00ba Premio: Airi\u00f1os &#8211; Santa Coloma &#8211; Na terra de trasancos<\/p>\n\n\n\n<div class=\"wp-block-image\"><figure class=\"aligncenter size-large is-resized\"><img loading=\"lazy\" decoding=\"async\" src=\"http:\/\/www.casagalega.com\/images\/fotos\/concursos\/fegalcat\/bcn_2008_04.jpg\" alt=\"\" width=\"446\" height=\"325\"\/><\/figure><\/div>\n\n\n\n<p>CUARTETOS<br>&#8211; 1\u00ba Premio: Toxos e Xestas &#8211; A Chegada dos Tele\u00f1ecos e Alborada Galega<br>&#8211; 2\u00ba Premio:&nbsp;Casa Galega de L&#8217;Hospitalet&nbsp;&#8211; As tres murelas e Foliada Mareira<br>&#8211; 3\u00ba Premio: As Burgas &#8211; Eibar &#8211; Contos de Cecebre e Alborada Galega<\/p>\n\n\n\n<div class=\"wp-block-image\"><figure class=\"aligncenter size-large is-resized\"><img loading=\"lazy\" decoding=\"async\" src=\"http:\/\/www.casagalega.com\/images\/fotos\/concursos\/fegalcat\/bcn_2008_12.jpg\" alt=\"\" width=\"454\" height=\"272\"\/><\/figure><\/div>\n\n\n\n<p> CANTAREIRAS<br>&#8211; 1\u00ba Premio:&nbsp;<strong>Casa Galega de L&#8217;Hospitalet<\/strong>&nbsp;&#8211; Xota de Agrans\u00f3n e Punteada de Cerqueda<br>&#8211; 2\u00ba Premio: Agarimos &#8211; Badalona &#8211; Cabali\u00f1os e Mui\u00f1eira da Limia e Xota do ser\u00e1n de Seixedos<br>&#8211; 3\u00ba Premio: Aleivos\u00eda &#8211; Rianxo &#8211; Canto, Rumba e Mui\u00f1eira de Cabaleiros e Maneo de Viladabade. <\/p>\n\n\n\n<div class=\"wp-block-image\"><figure class=\"aligncenter size-large is-resized\"><img loading=\"lazy\" decoding=\"async\" src=\"http:\/\/www.casagalega.com\/images\/fotos\/concursos\/fegalcat\/bcn_2008_19.jpg\" alt=\"\" width=\"452\" height=\"301\"\/><\/figure><\/div>\n\n\n\n<p>BANDAS&nbsp;<br>&#8211; 1\u00ba Premio:&nbsp;<strong>Casa Galega de L&#8217;Hospitalet<\/strong>&nbsp;&#8211;<br>&#8211; 2\u00ba Premio: Agarimos &#8211; Santa Coloma &#8211; PreludioA3, Paso-Triple, Xota 350<br>&#8211; 3\u00ba Premio:&nbsp;As Burgas &#8211; Eibar &#8211; Alborada Celanova, Danza das Patelas e Mui\u00f1eira dos Arreiras<\/p>\n\n\n\n<p>BAILE<br>&#8211; 1\u00ba Premio:&nbsp;<strong>Casa Galega de L&#8217;Hospitalet<\/strong> &#8211; Mui\u00f1eira de Li\u00f1ares e Xota Mui\u00f1eira do Castelo da Rigueira<br>&#8211; 2\u00ba Premio: Cova da Serpe &#8211; Barcelona &#8211; Mui\u00f1eira de Bembibre e Xota de San Salvador de Padreiro<br>&#8211; 3\u00ba Premio: A nosa Galiza &#8211; Mollet &#8211; Xota da Fonsagrada e Moli\u00f1eira de Seceda<\/p>\n\n\n\n<div class=\"wp-block-image\"><figure class=\"aligncenter size-large is-resized\"><img loading=\"lazy\" decoding=\"async\" src=\"http:\/\/www.casagalega.com\/images\/fotos\/concursos\/fegalcat\/bcn_2008_23.jpg\" alt=\"\" width=\"560\" height=\"304\"\/><\/figure><\/div>\n\n\n\n<p align=\"left\">Puedes ver alguna fotograf\u00edas en la secci\u00f3n fotos 2008.<\/p>\n<p style=\"text-align: center;\"><iframe loading=\"lazy\" src=\"https:\/\/www.youtube.com\/embed\/qQb3su5waJs\" width=\"560\" height=\"315\" frameborder=\"0\" allowfullscreen=\"allowfullscreen\"><\/iframe><\/p>\n<p style=\"text-align: center;\"><iframe loading=\"lazy\" src=\"https:\/\/www.youtube.com\/embed\/tVChLEM-CcU\" width=\"560\" height=\"315\" frameborder=\"0\" allowfullscreen=\"allowfullscreen\"><\/iframe><\/p>\n<p style=\"text-align: center;\"><iframe loading=\"lazy\" src=\"https:\/\/www.youtube.com\/embed\/uPvEmMpTILc\" width=\"560\" height=\"315\" frameborder=\"0\" allowfullscreen=\"allowfullscreen\"><\/iframe><\/p>\n<p style=\"text-align: center;\"><iframe loading=\"lazy\" src=\"https:\/\/www.youtube.com\/embed\/lGEP-E5KInE\" width=\"560\" height=\"315\" frameborder=\"0\" allowfullscreen=\"allowfullscreen\"><\/iframe><\/p>\n<p style=\"text-align: center;\"><iframe loading=\"lazy\" src=\"https:\/\/www.youtube.com\/embed\/MZ-98mv2Sjc\" width=\"560\" height=\"315\" frameborder=\"0\" allowfullscreen=\"allowfullscreen\"><\/iframe><\/p>\n<hr>\n\n\n\n<p align=\"left\"><strong>2007<\/strong><\/p>\n<hr id=\"null\">\n<p align=\"left\">Celebrado en el Palau de Congresos de Catalunya el resultado fue el siguiente:<\/p>\n\n\n\n<p>SOLISTAS<br>&#8211; 1\u00ba Premio: Irmandade Galega de Rub\u00ed (gaiteiro Jes\u00fas Rodr\u00edguez, coa as pezas \u00abA fieita\u00bb e \u00abFacendo maghas\u00bb).<br>&#8211; 2\u00ba Premio: Asociaci\u00f3n Cultural Galega Saudade, de Barcelona (Raul Lacilla, que interpretou \u00abAlal\u00e1\u00bb e \u00abNovo Milenium\u00bb).<br>&#8211; 3\u00ba Premio:&nbsp;<strong>Casa Galega de L&#8217;Hospitalet<\/strong>&nbsp;(gaiteiro Raul Garc\u00eda, cos temas \u00abNon te namores meni\u00f1a\u00bb, \u00abNa tardi\u00f1a\u00bb e \u00abSaltareira\u00bb). <\/p>\n\n\n\n<div class=\"wp-block-image\"><figure class=\"aligncenter size-large is-resized\"><img loading=\"lazy\" decoding=\"async\" src=\"http:\/\/www.casagalega.com\/images\/fotos\/concursos\/fegalcat\/bcn_2007_01.jpg\" alt=\"\" width=\"477\" height=\"323\"\/><\/figure><\/div>\n\n\n\n<p>CUARTETOS<br>&#8211; 1\u00ba Premio: Casa de Galicia en Guip\u00fascoa, co tema \u00abApaixoada\u00bb&nbsp;<br>&#8211; 2\u00ba Premio: Asociaci\u00f3n Cultural Galega Saudade, coas pezas \u00abXota de Xestoso do Lor\u00bb e \u00abMazurca dos Areeiras\u00bb.<br>&#8211; 3\u00ba Premio:&nbsp;<strong>Casa Galega de L&#8217;Hospitalet<\/strong>, con \u00abO Roxo en Montillos\u00bb e \u00abFandango para Airas\u00bb.<\/p>\n\n\n\n<div class=\"wp-block-image\"><figure class=\"aligncenter size-large is-resized\"><img loading=\"lazy\" decoding=\"async\" src=\"http:\/\/www.casagalega.com\/images\/fotos\/concursos\/fegalcat\/bcn_2007_02.jpg\" alt=\"\" width=\"469\" height=\"307\"\/><\/figure><\/div>\n\n\n\n<p>CANTAREIRAS<br>&#8211; 1\u00ba Premio: Asociaci\u00f3n Cultural Galega Saudade, con \u00abCantos de ofrecemento a Santa Marta\u00bb e \u00abXota-mui\u00f1eira e danza de Cortellas de Pazos do Borb\u00e9n\u00bb.<br>&#8211; 2\u00ba Premio:&nbsp;<strong>Casa Galega de L&#8217;Hospitalet<\/strong>, coas pezas \u00abValse da Ermida\u00bb e \u00abMui\u00f1eira de Xornes\u00bb.<br>&#8211; 3\u00ba Premio: Irmandade Galega de Rub\u00ed, con \u00abPasodobre de Imende\u00bb, \u00abMui\u00f1eira de Cervantes\u00bb e \u00abManeo de Abade\u00bb.&nbsp;<\/p>\n\n\n\n<p>BANDAS<br>&#8211; 1\u00ba Premio: Asociaci\u00f3n Cultural Galega Saudade, coas pezas \u00abAlal\u00e1 de Monterrei\u00bb e \u00abSementeira\u00bb.<br>&#8211; 2\u00ba Premio: A Nosa Galiza de Xenebra, con \u00abHomenaxe\u00bb do compositor Suso Vaamonde.<br>&#8211; 3\u00ba Premio:&nbsp;<strong>Casa Galega de L&#8217;Hospitalet<\/strong>, con \u00abAdeus p\u00edas, adeus pontes-Cantiga da Ca\u00f1iza\u00bb, \u00abAlborada para a pequena\u00bb e \u00abAghilloadas de Alacr\u00e1n\u00bb.<\/p>\n\n\n\n<div class=\"wp-block-image\"><figure class=\"aligncenter size-large is-resized\"><img loading=\"lazy\" decoding=\"async\" src=\"http:\/\/www.casagalega.com\/images\/fotos\/concursos\/fegalcat\/bcn_2007_05.jpg\" alt=\"\" width=\"475\" height=\"329\"\/><\/figure><\/div>\n\n\n\n<p>BAILE<br>&#8211; 1\u00ba Premio: Asociaci\u00f3n Cultural Galega Saudade, con \u00abXota de Vilaquinte\u00bb e \u00abMoli\u00f1eira de Cervantes\u00bb.<br>&#8211; 2\u00ba Premio:&nbsp;<strong>Casa Galega de L&#8217;Hospitalet<\/strong>, coas pezas \u00abMui\u00f1eira punteada de Tordoia\u00bb e \u00abXota-mui\u00f1eira do Castelo da Rigueira\u00bb.<br>&#8211; 3\u00ba Premio: A Nosa Galiza de Xenebra, con \u00abPateado de Trasmonte\u00bb e \u00abMui\u00f1eira de Cabra.<\/p>\n\n\n\n<div class=\"wp-block-image\"><figure class=\"aligncenter size-large is-resized\"><img loading=\"lazy\" decoding=\"async\" src=\"http:\/\/www.casagalega.com\/images\/fotos\/concursos\/fegalcat\/bcn_2007_04.jpg\" alt=\"\" width=\"463\" height=\"316\"\/><\/figure><\/div>\n\n\n<p>&nbsp;<\/p>\n<p style=\"text-align: center;\"><iframe loading=\"lazy\" src=\"https:\/\/www.youtube.com\/embed\/hVq3cBS8U-4\" width=\"560\" height=\"315\" frameborder=\"0\" allowfullscreen=\"allowfullscreen\"><\/iframe><\/p>\n<p style=\"text-align: center;\"><iframe loading=\"lazy\" src=\"https:\/\/www.youtube.com\/embed\/ascDuQ566ws\" width=\"560\" height=\"315\" frameborder=\"0\" allowfullscreen=\"allowfullscreen\"><\/iframe><\/p>\n<p style=\"text-align: center;\"><iframe loading=\"lazy\" src=\"https:\/\/www.youtube.com\/embed\/YvBwqdxgpmQ\" width=\"560\" height=\"315\" frameborder=\"0\" allowfullscreen=\"allowfullscreen\"><\/iframe><\/p>\n<p style=\"text-align: center;\"><iframe loading=\"lazy\" src=\"https:\/\/www.youtube.com\/embed\/a6rDIAw4DVw\" width=\"560\" height=\"315\" frameborder=\"0\" allowfullscreen=\"allowfullscreen\"><\/iframe><\/p>\n<p style=\"text-align: center;\"><iframe loading=\"lazy\" src=\"https:\/\/www.youtube.com\/embed\/MZ-98mv2Sjc\" width=\"560\" height=\"315\" frameborder=\"0\" allowfullscreen=\"allowfullscreen\"><\/iframe><\/p>\n\n\n<p align=\"left\"><strong>2006<\/strong><\/p>\n<hr id=\"null\">\n<p align=\"left\">SOLISTAS<\/p>\n<p align=\"left\">&#8211; 1\u00ba Premio: Asociaci\u00f3n Cultural Galega Saudade<br data-rich-text-line-break=\"true\">&#8211; 2\u00ba Premio: Cova da Serpe de Barcelona<br data-rich-text-line-break=\"true\">&#8211; 3\u00ba Premio:&nbsp; Casa Galega de L&#8217;Hospitalet<\/p>\n<p align=\"left\">CUARTETOS<\/p>\n<p align=\"left\">&#8211; 1\u00ba Premio: Asociaci\u00f3n Cultural Galega Saudade<br data-rich-text-line-break=\"true\">&#8211; 2\u00ba Premio: Centro Galego de Guip\u00fazcoa<br data-rich-text-line-break=\"true\">&#8211; 3\u00ba Premio:&nbsp; Casa de Galicia de Valladolid<\/p>\n<p align=\"left\">CANTAREIRAS&nbsp;<\/p>\n<p align=\"left\">&#8211; 1\u00ba Premio: Asociaci\u00f3n Cultural Galega Saudade<br data-rich-text-line-break=\"true\">&#8211; 2\u00ba Premio: Cova da Serpe de Barcelona<br data-rich-text-line-break=\"true\">&#8211; 3\u00ba Premio:&nbsp; Casa Galega de L&#8217;Hospitalet<\/p>\n<p align=\"left\">BANDAS<\/p>\n<p align=\"left\">&#8211; 1\u00ba Premio: Asociaci\u00f3n Cultural Galega Saudade<br data-rich-text-line-break=\"true\">&#8211; 2\u00ba Premio: Centro Galego de Guip\u00fazcoa<br data-rich-text-line-break=\"true\">&#8211; 3\u00ba Premio:&nbsp; Casa Galega de L&#8217;Hospitalet<\/p>\n<p align=\"left\">BAILE<\/p>\n<p align=\"left\">&#8211; 1\u00ba Premio: Asociaci\u00f3n Cultural Galega Saudade<br data-rich-text-line-break=\"true\">&#8211; 2\u00ba Premio: Cova da Serpe de Barcelona<br data-rich-text-line-break=\"true\">&#8211; 3\u00ba Premio: A.C. Badalona<br data-rich-text-line-break=\"true\">&nbsp;<\/p>\n\n\n\n<p align=\"left\"><strong>2005 (Recopilando)<\/strong><\/p>\n<hr id=\"null\">\n<p align=\"left\">SOLISTAS<\/p>\n<p align=\"left\">CUARTETOS<\/p>\n<p align=\"left\">CANTAREIRAS&nbsp;<\/p>\n<p align=\"left\">BANDAS<\/p>\n<p align=\"left\">BAILE<\/p>\n<p style=\"text-align: center;\" align=\"left\"><br><br><iframe loading=\"lazy\" src=\"https:\/\/www.youtube.com\/embed\/PuwT-C26_Hk\" width=\"560\" height=\"315\" frameborder=\"0\" allowfullscreen=\"allowfullscreen\"><\/iframe><\/p>\n\n\n\n<p align=\"left\"><strong>2004 (Recopilando)<\/strong><\/p>\n<hr id=\"null\">\n<p align=\"left\">SOLISTAS<\/p>\n<p align=\"left\">CUARTETOS<\/p>\n<p align=\"left\">CANTAREIRAS&nbsp;<\/p>\n<p align=\"left\">BANDAS<\/p>\n<p align=\"left\">BAILE<\/p>\n\n\n\n<p align=\"left\">&nbsp;<\/p>\n<p align=\"left\"><strong>2003 (Recopilando)<\/strong><\/p>\n<hr id=\"null\">\n<p align=\"left\">SOLISTAS<\/p>\n<p align=\"left\">CUARTETOS<\/p>\n<p align=\"left\">CANTAREIRAS&nbsp;<\/p>\n<p align=\"left\">BANDAS<\/p>\n<p align=\"left\">BAILE<\/p>\n<p style=\"text-align: center;\"><iframe loading=\"lazy\" src=\"https:\/\/www.youtube.com\/embed\/5KdtudtGJdw\" width=\"560\" height=\"315\" frameborder=\"0\" allowfullscreen=\"allowfullscreen\"><\/iframe><\/p>\n\n\n\n<p align=\"left\"><strong>2002 (Recopilando)<\/strong><\/p>\n<hr id=\"null\">\n<p align=\"left\">SOLISTAS<\/p>\n<p align=\"left\">CUARTETOS<\/p>\n<p align=\"left\">CANTAREIRAS&nbsp;<\/p>\n<p align=\"left\">BANDAS<\/p>\n<p style=\"text-align: center;\" align=\"left\">BAILE<br><br><iframe loading=\"lazy\" src=\"https:\/\/www.youtube.com\/embed\/UfqWhCoXEGg\" width=\"560\" height=\"315\" frameborder=\"0\" allowfullscreen=\"allowfullscreen\"><\/iframe><\/p>\n\n\n\n<p align=\"left\"><strong>2001 (Recopilando)<\/strong><\/p>\n<hr id=\"null\">\n<p align=\"left\">SOLISTAS<\/p>\n<p align=\"left\">CUARTETOS<\/p>\n<p align=\"left\">CANTAREIRAS&nbsp;<\/p>\n<p align=\"left\">BANDAS<\/p>\n<p align=\"left\">BAILE<\/p>\n\n\n\n<p><\/p>\n","protected":false},"excerpt":{"rendered":"<p>A principios del a\u00f1o 2001 se organiz\u00f3 el primer Concurso de M\u00fasica e Baile Tradicional Galego en Catalu\u00f1a, organizado por&hellip;<\/p>\n","protected":false},"author":1,"featured_media":0,"parent":64,"menu_order":8,"comment_status":"closed","ping_status":"open","template":"","meta":{"ngg_post_thumbnail":0,"footnotes":""},"class_list":["post-144","page","type-page","status-publish","hentry"],"_links":{"self":[{"href":"https:\/\/www.casagalega.com\/wp_cgh\/wp-json\/wp\/v2\/pages\/144","targetHints":{"allow":["GET"]}}],"collection":[{"href":"https:\/\/www.casagalega.com\/wp_cgh\/wp-json\/wp\/v2\/pages"}],"about":[{"href":"https:\/\/www.casagalega.com\/wp_cgh\/wp-json\/wp\/v2\/types\/page"}],"author":[{"embeddable":true,"href":"https:\/\/www.casagalega.com\/wp_cgh\/wp-json\/wp\/v2\/users\/1"}],"replies":[{"embeddable":true,"href":"https:\/\/www.casagalega.com\/wp_cgh\/wp-json\/wp\/v2\/comments?post=144"}],"version-history":[{"count":88,"href":"https:\/\/www.casagalega.com\/wp_cgh\/wp-json\/wp\/v2\/pages\/144\/revisions"}],"predecessor-version":[{"id":6422,"href":"https:\/\/www.casagalega.com\/wp_cgh\/wp-json\/wp\/v2\/pages\/144\/revisions\/6422"}],"up":[{"embeddable":true,"href":"https:\/\/www.casagalega.com\/wp_cgh\/wp-json\/wp\/v2\/pages\/64"}],"wp:attachment":[{"href":"https:\/\/www.casagalega.com\/wp_cgh\/wp-json\/wp\/v2\/media?parent=144"}],"curies":[{"name":"wp","href":"https:\/\/api.w.org\/{rel}","templated":true}]}}