{"id":1321,"date":"2012-02-01T13:22:20","date_gmt":"2012-02-01T12:22:20","guid":{"rendered":"http:\/\/www.casagalega.com\/wp_cgh\/?page_id=1321"},"modified":"2025-09-18T14:40:01","modified_gmt":"2025-09-18T13:40:01","slug":"socios","status":"publish","type":"page","link":"https:\/\/www.casagalega.com\/wp_cgh\/actividades\/socios\/","title":{"rendered":"Socios"},"content":{"rendered":"\n<h3 class=\"wp-block-heading\">Un Viaje al Coraz\u00f3n de Galicia en L&#8217;Hospitalet<\/h3>\n\n\n\n<p>En Casa Galega de L&#8217;Hospitalet, no solo celebramos la cultura, sino que la vivimos. Somos una gran familia donde socios y alumnos se unen para compartir momentos inolvidables. M\u00e1s all\u00e1 de nuestras clases, te invitamos a ser parte de nuestras <strong>actividades y encuentros<\/strong>, desde excursiones hasta fiestas llenas de sabor. \u00a1Ven a vivir la experiencia con nosotros!<br><br><strong>Fiesta de la Empanada: Una Delicia con Tradici\u00f3n<\/strong> <strong>&#8211; Septiembre<\/strong><\/p>\n\n\n\n<p>Cada septiembre, el aroma a tradici\u00f3n inunda nuestras instalaciones con la llegada de la <strong>Fiesta de la Empanada<\/strong>. Esta celebraci\u00f3n da la bienvenida a un nuevo curso escolar. Socios de todas las edades se arremangan para preparar empanadas caseras, uniendo risas y secretos de familia en la cocina. Lo que comenz\u00f3 como un peque\u00f1o encuentro entre amigos, se ha convertido en una gran fiesta que mantiene viva nuestra esencia: <strong>la comunidad, el buen rollo y el sabor de nuestra tierra<\/strong>.<\/p>\n\n\n<div class=\"wp-block-image\">\n<figure class=\"aligncenter is-resized\"><img decoding=\"async\" src=\"http:\/\/www.casagalega.com\/images\/fotos\/cgh\/actividades\/otras\/empanada_02.JPG\" alt=\"Fiesta de la Empanada\" style=\"width:516px;height:387px\"\/><\/figure>\n<\/div>\n\n<div class=\"wp-block-image\">\n<figure class=\"aligncenter is-resized\"><img decoding=\"async\" src=\"http:\/\/www.casagalega.com\/images\/fotos\/cgh\/actividades\/otras\/empanada_01.JPG\" alt=\"Fiesta de la Empanada\" style=\"width:510px;height:383px\"\/><\/figure>\n<\/div>\n\n\n<p><strong>Una Noche M\u00e1gica: Magosto y Sama\u00edn en Casa Galega &#8211; Octubre<\/strong><\/p>\n\n\n\n<p>Cuando llega el oto\u00f1o, celebramos una de nuestras tradiciones m\u00e1s arraigadas: <strong>O Magosto<\/strong>. En noviembre, el olor a <strong>casta\u00f1as asadas de Ourense<\/strong> lo inunda todo. Las compartimos con un buen vaso de moscatel, siguiendo una costumbre muy gallega.<\/p>\n\n\n\n<p>Adem\u00e1s, hemos a\u00f1adido un toque de misterio con nuestra <strong>Noite Meiga<\/strong>. Es nuestra manera de celebrar Halloween o Sama\u00edn, con sorpresas y una sala tem\u00e1tica que nos transporta a un mundo de fantas\u00eda antes de la gran cena. La noche termina con m\u00fasica y baile, alargando la fiesta hasta el amanecer.<\/p>\n\n\n<div class=\"wp-block-image\">\n<figure class=\"aligncenter is-resized\"><img decoding=\"async\" src=\"http:\/\/www.casagalega.com\/images\/fotos\/cgh\/actividades\/otras\/castanyada_02.JPG\" alt=\"Fiesta de la Casta\u00f1ada\" style=\"width:518px;height:389px\"\/><\/figure>\n<\/div>\n\n<div class=\"wp-block-image\">\n<figure class=\"aligncenter is-resized\"><img decoding=\"async\" src=\"http:\/\/www.casagalega.com\/images\/fotos\/cgh\/actividades\/otras\/castanyada_01.JPG\" alt=\"Fiesta de la Casta\u00f1ada\" style=\"width:514px;height:385px\"\/><\/figure>\n<\/div>\n\n\n<p style=\"text-align: center;\"><iframe loading=\"lazy\" src=\"https:\/\/www.youtube.com\/embed\/9dGlGuC_0pA\" width=\"560\" height=\"315\" frameborder=\"0\" allowfullscreen=\"allowfullscreen\"><\/iframe><\/p>\n\n\n\n<p><\/p>\n\n\n\n<p><strong>Un Gusto Dulce para el Alma: La Gran Chocolatada<\/strong> <strong>&#8211; Diciembre<\/strong><\/p>\n\n\n\n<p>En diciembre, cuando el fr\u00edo aprieta, nos reunimos para disfrutar de nuestra tradicional <strong>Gran Chocolatada<\/strong>. Gracias a la generosidad de nuestros socios, preparamos un chocolate caliente delicioso, acompa\u00f1ado de cientos de churros crujientes. Es la excusa perfecta para hacer una pausa en las clases y disfrutar juntos de un momento dulce, compartiendo risas y calor de hogar.<\/p>\n\n\n<div class=\"wp-block-image\">\n<figure class=\"aligncenter is-resized\"><img decoding=\"async\" src=\"http:\/\/www.casagalega.com\/images\/fotos\/cgh\/actividades\/otras\/chocolatada_01.JPG\" alt=\"Chocolatada\" style=\"width:407px;height:542px\"\/><\/figure>\n<\/div>\n\n\n<p><\/p>\n\n\n\n<p><strong>Aventura en la Nieve: \u00a1Nuestra Escapada Anual!<\/strong> <strong>&#8211; Febrero<\/strong><\/p>\n\n\n\n<p>Cuando llega el fr\u00edo, nos preparamos para una de las aventuras m\u00e1s esperadas: nuestra escapada a la nieve. Entre febrero y marzo, nos vamos a la estaci\u00f3n de <strong>La Molina<\/strong> para disfrutar de un fin de semana inolvidable.<\/p>\n\n\n\n<p>Es la oportunidad perfecta para combinar la emoci\u00f3n de los deportes de invierno con el compa\u00f1erismo que nos caracteriza. Una experiencia \u00fanica donde, a veces, la monta\u00f1a nos regala paisajes de ensue\u00f1o. \u00a1Una escapada que no te puedes perder!<\/p>\n\n\n<div class=\"wp-block-image\">\n<figure class=\"aligncenter is-resized\"><img decoding=\"async\" src=\"http:\/\/www.casagalega.com\/images\/fotos\/cgh\/actividades\/otras\/nieve_01.JPG\" alt=\"Nieve\" style=\"width:531px;height:398px\"\/><\/figure>\n<\/div>\n\n<div class=\"wp-block-image\">\n<figure class=\"aligncenter is-resized\"><img decoding=\"async\" src=\"http:\/\/www.casagalega.com\/images\/fotos\/cgh\/actividades\/otras\/nieve_02.JPG\" alt=\"Nieve\" style=\"width:531px;height:398px\"\/><\/figure>\n<\/div>\n\n\n<p><\/p>\n","protected":false},"excerpt":{"rendered":"<p>Un Viaje al Coraz\u00f3n de Galicia en L&#8217;Hospitalet En Casa Galega de L&#8217;Hospitalet, no solo celebramos la cultura, sino que&hellip;<\/p>\n","protected":false},"author":1,"featured_media":0,"parent":482,"menu_order":8,"comment_status":"closed","ping_status":"closed","template":"","meta":{"ngg_post_thumbnail":0,"footnotes":""},"class_list":["post-1321","page","type-page","status-publish","hentry"],"_links":{"self":[{"href":"https:\/\/www.casagalega.com\/wp_cgh\/wp-json\/wp\/v2\/pages\/1321","targetHints":{"allow":["GET"]}}],"collection":[{"href":"https:\/\/www.casagalega.com\/wp_cgh\/wp-json\/wp\/v2\/pages"}],"about":[{"href":"https:\/\/www.casagalega.com\/wp_cgh\/wp-json\/wp\/v2\/types\/page"}],"author":[{"embeddable":true,"href":"https:\/\/www.casagalega.com\/wp_cgh\/wp-json\/wp\/v2\/users\/1"}],"replies":[{"embeddable":true,"href":"https:\/\/www.casagalega.com\/wp_cgh\/wp-json\/wp\/v2\/comments?post=1321"}],"version-history":[{"count":16,"href":"https:\/\/www.casagalega.com\/wp_cgh\/wp-json\/wp\/v2\/pages\/1321\/revisions"}],"predecessor-version":[{"id":7721,"href":"https:\/\/www.casagalega.com\/wp_cgh\/wp-json\/wp\/v2\/pages\/1321\/revisions\/7721"}],"up":[{"embeddable":true,"href":"https:\/\/www.casagalega.com\/wp_cgh\/wp-json\/wp\/v2\/pages\/482"}],"wp:attachment":[{"href":"https:\/\/www.casagalega.com\/wp_cgh\/wp-json\/wp\/v2\/media?parent=1321"}],"curies":[{"name":"wp","href":"https:\/\/api.w.org\/{rel}","templated":true}]}}