{"id":110,"date":"2011-11-07T19:42:16","date_gmt":"2011-11-07T18:42:16","guid":{"rendered":"http:\/\/www.casagalega.com\/wp_cgh\/?page_id=110"},"modified":"2025-11-13T16:40:06","modified_gmt":"2025-11-13T15:40:06","slug":"arles-francia","status":"publish","type":"page","link":"https:\/\/www.casagalega.com\/wp_cgh\/concursos-y-eventos\/arles-francia\/","title":{"rendered":"Arles &#8211; Francia"},"content":{"rendered":"\n<p>En el mes de Mayo de 2009, Casa Galega Hospitalet junto con A.C. Rosal\u00eda de Castro de Cornell\u00e1, fueron invitados a participar en las fiestas de la primavera de Sanint-Martin de Crau, cerca de Arles &#8211; Francia.<\/p>\n\n\n\n<p>Saint-Martin de Crau se encuentra al sur de Francia, cerca del municipio de Arles. Con m\u00e1s de 11000 habitantes, cada a\u00f1o se celebra la Fiesta de la primavera.<\/p>\n\n\n\n<p>Despu\u00e9s de un viaje de unas 5 horas llegamos a destino, donde pudimos realizar un poco de turismo antes de desfilar por las calles del pueblo, acompa\u00f1ando a otros grupos que celebran este evento<\/p>\n\n\n\n<div class=\"wp-block-image\"><figure class=\"aligncenter is-resized\"><img loading=\"lazy\" decoding=\"async\" src=\"http:\/\/www.casagalega.com\/images\/fotos\/concursos\/Arles\/foto_festival.JPG\" alt=\"\" width=\"529\" height=\"397\"\/><\/figure><\/div>\n\n\n<div>\n<p align=\"justify\">Durante el s\u00e1bado y el domingo, el pueblo de St. Mart\u00edn de Crau se transforma y retrocede unos a\u00f1os&#8230; donde la artesan\u00eda y los trabajos en el campo m\u00e1s destacaban.<\/p>\n<p align=\"justify\">Todo el pueblo es una muestra gastron\u00f3mica y cultural de la zona, y donde tambi\u00e9n han querido acoger otras tradiciones y mostrarlas por sus calles. En este caso Galicia y su tradici\u00f3n musical relacionada con las Bandas de Gaitas.<\/p>\n<p align=\"justify\">Para ellos Casa Galega y Rosal\u00eda de Castro fueron una gran muestra de lo que representa la gaita en Arles, Francia.&nbsp;<\/p>\n<\/div>\n\n\n<div class=\"wp-block-image\"><figure class=\"aligncenter is-resized\"><img loading=\"lazy\" decoding=\"async\" src=\"http:\/\/www.casagalega.com\/images\/fotos\/concursos\/Arles\/todos.JPG\" alt=\"\" width=\"500\" height=\"375\"\/><\/figure><\/div>\n\n\n\n<div class=\"wp-block-image\"><figure class=\"aligncenter is-resized\"><img loading=\"lazy\" decoding=\"async\" src=\"http:\/\/www.casagalega.com\/images\/fotos\/concursos\/Arles\/trajes.JPG\" alt=\"\" width=\"510\" height=\"699\"\/><\/figure><\/div>\n\n\n\n<p>Durante el domingo, Casa Galega y Rosal\u00eda de Castro desfilaron durante varias horas por todas las calles del pueblo ense\u00f1ando todo el repertorio que la Banda dispone para el disfrute de todos los asistentes al evento.<\/p>\n\n\n\n<p>A trav\u00e9s de estos contactos y a trav\u00e9s de los centros gallegos situados en Catalu\u00f1a damos a conocer la cultura gallega a diferentes partes de Europa y esperamos que pr\u00f3ximamente mucho m\u00e1s lejos. No solo a todos los gallegos emigrados de Galicia, tambi\u00e9n a todo aquel que disfrute con todo este tipo de eventos.<\/p>\n\n\n\nngg_shortcode_0_placeholder\n","protected":false},"excerpt":{"rendered":"<p>En el mes de Mayo de 2009, Casa Galega Hospitalet junto con A.C. Rosal\u00eda de Castro de Cornell\u00e1, fueron invitados&hellip;<\/p>\n","protected":false},"author":1,"featured_media":0,"parent":64,"menu_order":13,"comment_status":"closed","ping_status":"open","template":"","meta":{"ngg_post_thumbnail":0,"footnotes":""},"class_list":["post-110","page","type-page","status-publish","hentry"],"_links":{"self":[{"href":"https:\/\/www.casagalega.com\/wp_cgh\/wp-json\/wp\/v2\/pages\/110","targetHints":{"allow":["GET"]}}],"collection":[{"href":"https:\/\/www.casagalega.com\/wp_cgh\/wp-json\/wp\/v2\/pages"}],"about":[{"href":"https:\/\/www.casagalega.com\/wp_cgh\/wp-json\/wp\/v2\/types\/page"}],"author":[{"embeddable":true,"href":"https:\/\/www.casagalega.com\/wp_cgh\/wp-json\/wp\/v2\/users\/1"}],"replies":[{"embeddable":true,"href":"https:\/\/www.casagalega.com\/wp_cgh\/wp-json\/wp\/v2\/comments?post=110"}],"version-history":[{"count":18,"href":"https:\/\/www.casagalega.com\/wp_cgh\/wp-json\/wp\/v2\/pages\/110\/revisions"}],"predecessor-version":[{"id":6186,"href":"https:\/\/www.casagalega.com\/wp_cgh\/wp-json\/wp\/v2\/pages\/110\/revisions\/6186"}],"up":[{"embeddable":true,"href":"https:\/\/www.casagalega.com\/wp_cgh\/wp-json\/wp\/v2\/pages\/64"}],"wp:attachment":[{"href":"https:\/\/www.casagalega.com\/wp_cgh\/wp-json\/wp\/v2\/media?parent=110"}],"curies":[{"name":"wp","href":"https:\/\/api.w.org\/{rel}","templated":true}]}}