{"id":1090,"date":"2012-01-13T16:22:28","date_gmt":"2012-01-13T15:22:28","guid":{"rendered":"http:\/\/www.casagalega.com\/wp_cgh\/?page_id=1090"},"modified":"2025-11-13T16:39:05","modified_gmt":"2025-11-13T15:39:05","slug":"bretema-veteranos","status":"publish","type":"page","link":"https:\/\/www.casagalega.com\/wp_cgh\/grupos\/bretema-veteranos\/","title":{"rendered":"Bretema Veteranos o Grupo Padres"},"content":{"rendered":"\n<p>\n\nSi vamos pasando por los diferentes grupos de baile, existe un nivel superior al grupo Br\u00e9tema Mayores. \u00c9ste es el grupo de padres y el de veteranos.\n\n<\/p>\n\n\n\n<div class=\"wp-block-image\"><figure class=\"aligncenter is-resized\"><img loading=\"lazy\" decoding=\"async\" src=\"http:\/\/www.casagalega.com\/images\/fotos\/cgh\/grupos\/padres\/Padres_02.jpg\" alt=\"\" width=\"486\" height=\"316\"\/><\/figure><\/div>\n\n\n\n<div class=\"wp-block-image\"><figure class=\"aligncenter is-resized\"><img loading=\"lazy\" decoding=\"async\" src=\"http:\/\/www.casagalega.com\/images\/fotos\/cgh\/grupos\/padres\/Padres_04.jpg\" alt=\"\" width=\"330\" height=\"440\"\/><\/figure><\/div>\n\n\n<p>El grupo de padres est\u00e1 formado por los padres de los alumnos de categor\u00edas inferiores, normalmente en peque\u00f1os e iniciaci\u00f3n. No por ser de este grupo se desmerecen del resto ya que el trabajo realizado durante todo el a\u00f1o es igual de intenso o mayor.<\/p>\n<p>En el \u00faltimo a\u00f1o este grupo ha vuelto a \u00abrenacer\u00bb y ya est\u00e1 presente en algunos actos de Casa Galega, como en nuestra fiesta.<\/p>\n\n\n<p>\n\nInnegablemente, todos podemos llegar a ser \u00abveteranos\u00bb. La mayor\u00eda est\u00e1n dando clases y ense\u00f1ando todo ese conocimiento a las nuevas generaciones, como debe ser&#8230; pero otros han seguido otros caminos, trabajo, familia, etc&#8230;\n\n<\/p>\n\n\n\n<div class=\"wp-block-image\"><figure class=\"aligncenter is-resized\"><img loading=\"lazy\" decoding=\"async\" src=\"http:\/\/www.casagalega.com\/images\/fotos\/cgh\/grupos\/veteranos\/XX_Veteranos.JPG\" alt=\"\" width=\"485\" height=\"364\"\/><\/figure><\/div>\n\n\n\n<p>Pero como gallegos que somos, y Casa Galega no es menos, no es dif\u00edcil volvernos a juntar otra vez y revivir alguna que otra fiesta, y alg\u00fan que otro baile. Y eso pas\u00f3 en el XX Anivesario que Casa Galega celebr\u00f3 en la Farga en el 2007.<\/p>\n\n\n\n<p>Y, aunque los a\u00f1os no perdonan, el baile se siente muy dentro. Igual que el grupo de acompa\u00f1amiento.<\/p>\n\n\n\n<p style=\"text-align: center;\"><iframe loading=\"lazy\" src=\"https:\/\/www.youtube.com\/embed\/_AtXkxUVABI\" width=\"560\" height=\"315\" allowfullscreen=\"allowfullscreen\"><\/iframe><\/p>\n\n\n\n<p>Sobre 2011 se volvi\u00f3 a recuperar el grupo de Papis o Br\u00e9tema S\u00e9niors, como se llam\u00f3 despu\u00e9s y que incluso se present\u00f3 al concurso de Baile de Xacarandaina en 2014.&nbsp;<\/p>\n<div class=\"wp-block-image\">\n<figure class=\"aligncenter is-resized\"><img loading=\"lazy\" decoding=\"async\" class=\"aligncenter\" src=\"http:\/\/www.casagalega.com\/images\/fotos\/cgh\/grupos\/padres\/Papis_2012_tn.jpg\" alt=\"\" width=\"485\" height=\"364\"><\/figure>\n<\/div>\n<p>Con un repertorio propio, que variaba de a\u00f1o en a\u00f1o, este grupo fue creciendo en experiencia y en conocimientos de baile. Tambi\u00e9n se bailaron piezas ya conocidas en Casa Galega y bailadas por Br\u00e9temas.<\/p>\n<ul>\n<li>2011 &#8211; Xota Mui\u00f1eira cruzada de Sequeiros<\/li>\n<li>2012 &#8211; Mui\u00f1eira de Pol<\/li>\n<li>2013 &#8211; Xota Mui\u00f1eira das Nogais<\/li>\n<li>2014 &#8211; Mui\u00f1eira de Grixoa<\/li>\n<li>2014\/2015 &#8211; Xota de Trazo (<a href=\"https:\/\/www.casagalega.com\/wp_cgh\/concursos-y-eventos\/xacarandaina\/\" target=\"_blank\" rel=\"noopener\">Representada en Xacarandaina<\/a>)<\/li>\n<li>2016 &#8211; Xota de Freixo (Del repertorio de Casa Galega)<\/li>\n<li>2018 &#8211; Xota Mui\u00f1eira de Balouta<\/li>\n<\/ul>\n\n\n\n<p style=\"text-align: center;\"><iframe loading=\"lazy\" src=\"https:\/\/www.youtube.com\/embed\/AbRxl0qby6c\" width=\"560\" height=\"315\" allowfullscreen=\"allowfullscreen\"><\/iframe><\/p>\n<p style=\"text-align: center;\"><iframe loading=\"lazy\" src=\"https:\/\/www.youtube.com\/embed\/8FlY69ykPn8\" width=\"560\" height=\"315\" allowfullscreen=\"allowfullscreen\"><\/iframe><\/p>\n<p style=\"text-align: center;\"><iframe loading=\"lazy\" src=\"https:\/\/www.youtube.com\/embed\/YyUNeua7RMY\" width=\"560\" height=\"315\" allowfullscreen=\"allowfullscreen\"><\/iframe><\/p>\n<p style=\"text-align: center;\"><iframe loading=\"lazy\" src=\"https:\/\/www.youtube.com\/embed\/P0Y0Kp0jT3g\" width=\"560\" height=\"315\" allowfullscreen=\"allowfullscreen\"><\/iframe><\/p>\n<p style=\"text-align: center;\"><iframe loading=\"lazy\" src=\"https:\/\/www.youtube.com\/embed\/MVs2K1cGPYg\" width=\"560\" height=\"315\" allowfullscreen=\"allowfullscreen\"><\/iframe><\/p>\n\n\n\n<p><\/p>\n","protected":false},"excerpt":{"rendered":"<p>Si vamos pasando por los diferentes grupos de baile, existe un nivel superior al grupo Br\u00e9tema Mayores. \u00c9ste es el&hellip;<\/p>\n","protected":false},"author":1,"featured_media":0,"parent":459,"menu_order":5,"comment_status":"closed","ping_status":"open","template":"","meta":{"ngg_post_thumbnail":0,"footnotes":""},"class_list":["post-1090","page","type-page","status-publish","hentry"],"_links":{"self":[{"href":"https:\/\/www.casagalega.com\/wp_cgh\/wp-json\/wp\/v2\/pages\/1090","targetHints":{"allow":["GET"]}}],"collection":[{"href":"https:\/\/www.casagalega.com\/wp_cgh\/wp-json\/wp\/v2\/pages"}],"about":[{"href":"https:\/\/www.casagalega.com\/wp_cgh\/wp-json\/wp\/v2\/types\/page"}],"author":[{"embeddable":true,"href":"https:\/\/www.casagalega.com\/wp_cgh\/wp-json\/wp\/v2\/users\/1"}],"replies":[{"embeddable":true,"href":"https:\/\/www.casagalega.com\/wp_cgh\/wp-json\/wp\/v2\/comments?post=1090"}],"version-history":[{"count":60,"href":"https:\/\/www.casagalega.com\/wp_cgh\/wp-json\/wp\/v2\/pages\/1090\/revisions"}],"predecessor-version":[{"id":6447,"href":"https:\/\/www.casagalega.com\/wp_cgh\/wp-json\/wp\/v2\/pages\/1090\/revisions\/6447"}],"up":[{"embeddable":true,"href":"https:\/\/www.casagalega.com\/wp_cgh\/wp-json\/wp\/v2\/pages\/459"}],"wp:attachment":[{"href":"https:\/\/www.casagalega.com\/wp_cgh\/wp-json\/wp\/v2\/media?parent=1090"}],"curies":[{"name":"wp","href":"https:\/\/api.w.org\/{rel}","templated":true}]}}