{"id":107,"date":"2011-11-07T19:27:01","date_gmt":"2011-11-07T18:27:01","guid":{"rendered":"http:\/\/www.casagalega.com\/wp_cgh\/?page_id=107"},"modified":"2025-11-13T16:40:08","modified_gmt":"2025-11-13T15:40:08","slug":"wpbc","status":"publish","type":"page","link":"https:\/\/www.casagalega.com\/wp_cgh\/concursos-y-eventos\/wpbc\/","title":{"rendered":"World Pipe Band Championships"},"content":{"rendered":"\n<div class=\"wp-block-image\"><figure class=\"aligncenter is-resized\"><img loading=\"lazy\" decoding=\"async\" src=\"http:\/\/www.casagalega.com\/wp_cgh\/wp-content\/uploads\/Eventos_CGH\/World_Champion\/crowd.jpg\" alt=\"\" width=\"577\" height=\"226\"\/><\/figure><\/div>\n\n\n\n<p> La Casa Galega de L&#8217;Hospitalet ha participado en agosto de 2006, en el <strong>Campeonato Mundial de Bandas de Gaitas <\/strong>(World Pipe Band Championship) celebrado en <strong>Glasgow &#8211; Escocia<\/strong>. <\/p>\n\n\n\n<div class=\"wp-block-image\"><figure class=\"aligncenter is-resized\"><img loading=\"lazy\" decoding=\"async\" src=\"http:\/\/www.casagalega.com\/wp_cgh\/wp-content\/uploads\/Eventos_CGH\/World_Champion\/pipe.jpg\" alt=\"\" width=\"310\" height=\"178\"\/><\/figure><\/div>\n\n\n\n<p>El campeonato se est\u00e1 dividido en 8 categor\u00edas:<\/p>\n\n\n\n<ul class=\"wp-block-list\"><li>Grado 1<\/li><li>Grado 2<\/li><li>Grado 3A<\/li><li><strong>Grado 3B&nbsp;<\/strong>\u00abNuestra inscripci\u00f3n\u00bb<\/li><li>Grado 4A<\/li><li>Grado 4B<\/li><li>Juvenil<\/li><li>Juvenil principiante<\/li><li>Listado de Bandas participantes<\/li><\/ul>\n\n\n\n<p><strong>Un viaje largo pero con un objetivo claro, el campeonato mundial de Bandas de Gaitas.<\/strong><br><br>Casa Galega realiz\u00f3 un largo recorrido desde Galicia hasta Glasgow, pasando pon Pamplona, Francia, Calais &#8211; Canal de la Mancha, Londres y Glasgow.<\/p>\n\n\n\n<p>Una larga convivencia de 36 horas que todos disfrutamos hasta el \u00faltimo minuto. Un gran viaje donde pudimos atravesar la frontera francesa e inglesa a trav\u00e9s del canal de la mancha.<\/p>\n\n\n\n<p><strong>Campeonato<\/strong><\/p>\n\n\n\n<p>El <strong>12 de agosto de 2006 a las 16:14h<\/strong>, Casa Galega de L&#8217;Hospitalet particip\u00f3 en el campeonato mundial de bandas de gaitas, categor\u00eda 3B.<\/p>\n\n\n\n<p>Nuestra actuaci\u00f3n agrad\u00f3 a todo el mundo y a todos los visitantes que se encontraban en el evento. Tuvimos una gran satisfacci\u00f3n al terminar nuestras interpretaciones.<\/p>\n\n\n\n<p>Seg\u00fan los jueces \u00e9sta fue nuestra valoraci\u00f3n:<\/p>\n\n\n\n<ul class=\"wp-block-list\" id=\"block-7909d103-50d9-4f34-a117-fbcf263567fd\"><li>P1: 15<\/li><li>P2: 21<\/li><li>P Tot: 36<\/li><li>D: 20<\/li><li>E: 21<\/li><li>TOTAL FINAL: 77<\/li><li>Posici\u00f3n: 21\/24<\/li><\/ul>\n\n\n\n<p style=\"text-align: center;\"><iframe loading=\"lazy\" src=\"https:\/\/www.youtube.com\/embed\/I_vViN0WpXc\" width=\"560\" height=\"315\" frameborder=\"0\" allowfullscreen=\"allowfullscreen\"><\/iframe><\/p>\n<p style=\"text-align: center;\">&nbsp;<\/p>\n\n\n\nngg_shortcode_0_placeholder\n","protected":false},"excerpt":{"rendered":"<p>La Casa Galega de L&#8217;Hospitalet ha participado en agosto de 2006, en el Campeonato Mundial de Bandas de Gaitas (World&hellip;<\/p>\n","protected":false},"author":1,"featured_media":0,"parent":64,"menu_order":9,"comment_status":"closed","ping_status":"closed","template":"","meta":{"ngg_post_thumbnail":0,"footnotes":""},"class_list":["post-107","page","type-page","status-publish","hentry"],"_links":{"self":[{"href":"https:\/\/www.casagalega.com\/wp_cgh\/wp-json\/wp\/v2\/pages\/107","targetHints":{"allow":["GET"]}}],"collection":[{"href":"https:\/\/www.casagalega.com\/wp_cgh\/wp-json\/wp\/v2\/pages"}],"about":[{"href":"https:\/\/www.casagalega.com\/wp_cgh\/wp-json\/wp\/v2\/types\/page"}],"author":[{"embeddable":true,"href":"https:\/\/www.casagalega.com\/wp_cgh\/wp-json\/wp\/v2\/users\/1"}],"replies":[{"embeddable":true,"href":"https:\/\/www.casagalega.com\/wp_cgh\/wp-json\/wp\/v2\/comments?post=107"}],"version-history":[{"count":71,"href":"https:\/\/www.casagalega.com\/wp_cgh\/wp-json\/wp\/v2\/pages\/107\/revisions"}],"predecessor-version":[{"id":6396,"href":"https:\/\/www.casagalega.com\/wp_cgh\/wp-json\/wp\/v2\/pages\/107\/revisions\/6396"}],"up":[{"embeddable":true,"href":"https:\/\/www.casagalega.com\/wp_cgh\/wp-json\/wp\/v2\/pages\/64"}],"wp:attachment":[{"href":"https:\/\/www.casagalega.com\/wp_cgh\/wp-json\/wp\/v2\/media?parent=107"}],"curies":[{"name":"wp","href":"https:\/\/api.w.org\/{rel}","templated":true}]}}